{"id":85,"date":"2020-05-01T18:57:15","date_gmt":"2020-05-01T18:57:15","guid":{"rendered":"http:\/\/infoglobaldys.com.tr\/?page_id=85"},"modified":"2023-11-14T12:13:29","modified_gmt":"2023-11-14T12:13:29","slug":"iletisim","status":"publish","type":"page","link":"http:\/\/infoglobaldys.com.tr\/index.php\/iletisim\/","title":{"rendered":"\u0130LET\u0130\u015e\u0130M"},"content":{"rendered":"\n<iframe src=\"https:\/\/www.google.com\/maps\/embed?pb=!1m14!1m8!1m3!1d3008.439359096548!2d28.833439994829067!3d41.05938787283999!3m2!1i1024!2i768!4f13.1!3m3!1m2!1s0x0%3A0x978fdce06afe10a6!2zxLBORk8gR0xPQkFMIERZUyBURUtTVMSwTCBWRSBHSURBIFNBTiBUxLBDIExURCDFnlTEsA!5e0!3m2!1str!2str!4v1652729418422!5m2!1str!2str\" width=\"900\" height=\"600\" style=\"border:0;\" allowfullscreen=\"\" loading=\"lazy\" referrerpolicy=\"no-referrer-when-downgrade\"><\/iframe>\n\n\n\n<p><strong>Adres<\/strong> : G\u00f6ztepe Mah. 2377 Sk. No:15 Ba\u011fc\u0131lar\/\u0130STANBUL<\/p>\n\n\n\n<p><strong>Tel<\/strong> : +90 212 445 17 55<\/p>\n\n\n\n<p><strong>E-posta<\/strong> : info@infoglobaldys.com.tr<\/p>\n","protected":false},"excerpt":{"rendered":"<p>Adres : G\u00f6ztepe Mah. 2377 Sk. No:15 Ba\u011fc\u0131lar\/\u0130STANBUL Tel : +90 212 445 17 55 E-posta : info@infoglobaldys.com.tr<\/p>\n","protected":false},"author":1,"featured_media":0,"parent":0,"menu_order":0,"comment_status":"closed","ping_status":"closed","template":"","meta":{"site-sidebar-layout":"default","site-content-layout":"","ast-site-content-layout":"","site-content-style":"default","site-sidebar-style":"default","ast-global-header-display":"","ast-banner-title-visibility":"","ast-main-header-display":"","ast-hfb-above-header-display":"","ast-hfb-below-header-display":"","ast-hfb-mobile-header-display":"","site-post-title":"","ast-breadcrumbs-content":"","ast-featured-img":"","footer-sml-layout":"","theme-transparent-header-meta":"","adv-header-id-meta":"","stick-header-meta":"","header-above-stick-meta":"","header-main-stick-meta":"","header-below-stick-meta":"","astra-migrate-meta-layouts":"","ast-page-background-enabled":"default","ast-page-background-meta":{"desktop":{"background-color":"var(--ast-global-color-4)","background-image":"","background-repeat":"repeat","background-position":"center center","background-size":"auto","background-attachment":"scroll","background-type":"","background-media":"","overlay-type":"","overlay-color":"","overlay-gradient":""},"tablet":{"background-color":"","background-image":"","background-repeat":"repeat","background-position":"center center","background-size":"auto","background-attachment":"scroll","background-type":"","background-media":"","overlay-type":"","overlay-color":"","overlay-gradient":""},"mobile":{"background-color":"","background-image":"","background-repeat":"repeat","background-position":"center center","background-size":"auto","background-attachment":"scroll","background-type":"","background-media":"","overlay-type":"","overlay-color":"","overlay-gradient":""}},"ast-content-background-meta":{"desktop":{"background-color":"var(--ast-global-color-5)","background-image":"","background-repeat":"repeat","background-position":"center center","background-size":"auto","background-attachment":"scroll","background-type":"","background-media":"","overlay-type":"","overlay-color":"","overlay-gradient":""},"tablet":{"background-color":"var(--ast-global-color-5)","background-image":"","background-repeat":"repeat","background-position":"center center","background-size":"auto","background-attachment":"scroll","background-type":"","background-media":"","overlay-type":"","overlay-color":"","overlay-gradient":""},"mobile":{"background-color":"var(--ast-global-color-5)","background-image":"","background-repeat":"repeat","background-position":"center center","background-size":"auto","background-attachment":"scroll","background-type":"","background-media":"","overlay-type":"","overlay-color":"","overlay-gradient":""}},"footnotes":""},"yoast_head":"<!-- This site is optimized with the Yoast SEO plugin v21.5 - https:\/\/yoast.com\/wordpress\/plugins\/seo\/ -->\r\n<title>\u0130LET\u0130\u015e\u0130M | INFO GLOBAL DYS<\/title>\r\n<meta name=\"robots\" content=\"index, follow, max-snippet:-1, max-image-preview:large, max-video-preview:-1\" \/>\r\n<link rel=\"canonical\" href=\"http:\/\/infoglobaldys.com.tr\/index.php\/iletisim\/\" \/>\r\n<meta property=\"og:locale\" content=\"tr_TR\" \/>\r\n<meta property=\"og:type\" content=\"article\" \/>\r\n<meta property=\"og:title\" content=\"\u0130LET\u0130\u015e\u0130M | INFO GLOBAL DYS\" \/>\r\n<meta property=\"og:description\" content=\"Adres : G\u00f6ztepe Mah. 2377 Sk. No:15 Ba\u011fc\u0131lar\/\u0130STANBUL Tel : +90 212 445 17 55 E-posta : info@infoglobaldys.com.tr\" \/>\r\n<meta property=\"og:url\" content=\"http:\/\/infoglobaldys.com.tr\/index.php\/iletisim\/\" \/>\r\n<meta property=\"og:site_name\" content=\"INFO GLOBAL DYS\" \/>\r\n<meta property=\"article:modified_time\" content=\"2023-11-14T12:13:29+00:00\" \/>\r\n<meta name=\"twitter:card\" content=\"summary_large_image\" \/>\r\n<script type=\"application\/ld+json\" class=\"yoast-schema-graph\">{\"@context\":\"https:\/\/schema.org\",\"@graph\":[{\"@type\":\"WebPage\",\"@id\":\"http:\/\/infoglobaldys.com.tr\/index.php\/iletisim\/\",\"url\":\"http:\/\/infoglobaldys.com.tr\/index.php\/iletisim\/\",\"name\":\"\u0130LET\u0130\u015e\u0130M | INFO GLOBAL DYS\",\"isPartOf\":{\"@id\":\"http:\/\/infoglobaldys.com.tr\/#website\"},\"datePublished\":\"2020-05-01T18:57:15+00:00\",\"dateModified\":\"2023-11-14T12:13:29+00:00\",\"breadcrumb\":{\"@id\":\"http:\/\/infoglobaldys.com.tr\/index.php\/iletisim\/#breadcrumb\"},\"inLanguage\":\"tr\",\"potentialAction\":[{\"@type\":\"ReadAction\",\"target\":[\"http:\/\/infoglobaldys.com.tr\/index.php\/iletisim\/\"]}]},{\"@type\":\"BreadcrumbList\",\"@id\":\"http:\/\/infoglobaldys.com.tr\/index.php\/iletisim\/#breadcrumb\",\"itemListElement\":[{\"@type\":\"ListItem\",\"position\":1,\"name\":\"Home\",\"item\":\"http:\/\/infoglobaldys.com.tr\/\"},{\"@type\":\"ListItem\",\"position\":2,\"name\":\"\u0130LET\u0130\u015e\u0130M\"}]},{\"@type\":\"WebSite\",\"@id\":\"http:\/\/infoglobaldys.com.tr\/#website\",\"url\":\"http:\/\/infoglobaldys.com.tr\/\",\"name\":\"INFO GLOBAL DYS\",\"description\":\"\",\"publisher\":{\"@id\":\"http:\/\/infoglobaldys.com.tr\/#organization\"},\"potentialAction\":[{\"@type\":\"SearchAction\",\"target\":{\"@type\":\"EntryPoint\",\"urlTemplate\":\"http:\/\/infoglobaldys.com.tr\/?s={search_term_string}\"},\"query-input\":\"required name=search_term_string\"}],\"inLanguage\":\"tr\"},{\"@type\":\"Organization\",\"@id\":\"http:\/\/infoglobaldys.com.tr\/#organization\",\"name\":\"INFO GLOBAL DYS\",\"url\":\"http:\/\/infoglobaldys.com.tr\/\",\"logo\":{\"@type\":\"ImageObject\",\"inLanguage\":\"tr\",\"@id\":\"http:\/\/infoglobaldys.com.tr\/#\/schema\/logo\/image\/\",\"url\":\"http:\/\/infoglobaldys.com.tr\/wp-content\/uploads\/2020\/05\/Ads\u0131z-1.png\",\"contentUrl\":\"http:\/\/infoglobaldys.com.tr\/wp-content\/uploads\/2020\/05\/Ads\u0131z-1.png\",\"width\":1667,\"height\":1179,\"caption\":\"INFO GLOBAL DYS\"},\"image\":{\"@id\":\"http:\/\/infoglobaldys.com.tr\/#\/schema\/logo\/image\/\"}}]}<\/script>\r\n<!-- \/ Yoast SEO plugin. -->","yoast_head_json":{"title":"\u0130LET\u0130\u015e\u0130M | INFO GLOBAL DYS","robots":{"index":"index","follow":"follow","max-snippet":"max-snippet:-1","max-image-preview":"max-image-preview:large","max-video-preview":"max-video-preview:-1"},"canonical":"http:\/\/infoglobaldys.com.tr\/index.php\/iletisim\/","og_locale":"tr_TR","og_type":"article","og_title":"\u0130LET\u0130\u015e\u0130M | INFO GLOBAL DYS","og_description":"Adres : G\u00f6ztepe Mah. 2377 Sk. No:15 Ba\u011fc\u0131lar\/\u0130STANBUL Tel : +90 212 445 17 55 E-posta : info@infoglobaldys.com.tr","og_url":"http:\/\/infoglobaldys.com.tr\/index.php\/iletisim\/","og_site_name":"INFO GLOBAL DYS","article_modified_time":"2023-11-14T12:13:29+00:00","twitter_card":"summary_large_image","schema":{"@context":"https:\/\/schema.org","@graph":[{"@type":"WebPage","@id":"http:\/\/infoglobaldys.com.tr\/index.php\/iletisim\/","url":"http:\/\/infoglobaldys.com.tr\/index.php\/iletisim\/","name":"\u0130LET\u0130\u015e\u0130M | INFO GLOBAL DYS","isPartOf":{"@id":"http:\/\/infoglobaldys.com.tr\/#website"},"datePublished":"2020-05-01T18:57:15+00:00","dateModified":"2023-11-14T12:13:29+00:00","breadcrumb":{"@id":"http:\/\/infoglobaldys.com.tr\/index.php\/iletisim\/#breadcrumb"},"inLanguage":"tr","potentialAction":[{"@type":"ReadAction","target":["http:\/\/infoglobaldys.com.tr\/index.php\/iletisim\/"]}]},{"@type":"BreadcrumbList","@id":"http:\/\/infoglobaldys.com.tr\/index.php\/iletisim\/#breadcrumb","itemListElement":[{"@type":"ListItem","position":1,"name":"Home","item":"http:\/\/infoglobaldys.com.tr\/"},{"@type":"ListItem","position":2,"name":"\u0130LET\u0130\u015e\u0130M"}]},{"@type":"WebSite","@id":"http:\/\/infoglobaldys.com.tr\/#website","url":"http:\/\/infoglobaldys.com.tr\/","name":"INFO GLOBAL DYS","description":"","publisher":{"@id":"http:\/\/infoglobaldys.com.tr\/#organization"},"potentialAction":[{"@type":"SearchAction","target":{"@type":"EntryPoint","urlTemplate":"http:\/\/infoglobaldys.com.tr\/?s={search_term_string}"},"query-input":"required name=search_term_string"}],"inLanguage":"tr"},{"@type":"Organization","@id":"http:\/\/infoglobaldys.com.tr\/#organization","name":"INFO GLOBAL DYS","url":"http:\/\/infoglobaldys.com.tr\/","logo":{"@type":"ImageObject","inLanguage":"tr","@id":"http:\/\/infoglobaldys.com.tr\/#\/schema\/logo\/image\/","url":"http:\/\/infoglobaldys.com.tr\/wp-content\/uploads\/2020\/05\/Ads\u0131z-1.png","contentUrl":"http:\/\/infoglobaldys.com.tr\/wp-content\/uploads\/2020\/05\/Ads\u0131z-1.png","width":1667,"height":1179,"caption":"INFO GLOBAL DYS"},"image":{"@id":"http:\/\/infoglobaldys.com.tr\/#\/schema\/logo\/image\/"}}]}},"_links":{"self":[{"href":"http:\/\/infoglobaldys.com.tr\/index.php\/wp-json\/wp\/v2\/pages\/85"}],"collection":[{"href":"http:\/\/infoglobaldys.com.tr\/index.php\/wp-json\/wp\/v2\/pages"}],"about":[{"href":"http:\/\/infoglobaldys.com.tr\/index.php\/wp-json\/wp\/v2\/types\/page"}],"author":[{"embeddable":true,"href":"http:\/\/infoglobaldys.com.tr\/index.php\/wp-json\/wp\/v2\/users\/1"}],"replies":[{"embeddable":true,"href":"http:\/\/infoglobaldys.com.tr\/index.php\/wp-json\/wp\/v2\/comments?post=85"}],"version-history":[{"count":10,"href":"http:\/\/infoglobaldys.com.tr\/index.php\/wp-json\/wp\/v2\/pages\/85\/revisions"}],"predecessor-version":[{"id":197,"href":"http:\/\/infoglobaldys.com.tr\/index.php\/wp-json\/wp\/v2\/pages\/85\/revisions\/197"}],"wp:attachment":[{"href":"http:\/\/infoglobaldys.com.tr\/index.php\/wp-json\/wp\/v2\/media?parent=85"}],"curies":[{"name":"wp","href":"https:\/\/api.w.org\/{rel}","templated":true}]}}