{"id":369,"date":"2023-11-17T08:25:40","date_gmt":"2023-11-17T08:25:40","guid":{"rendered":"http:\/\/infoglobaldys.com.tr\/?page_id=369"},"modified":"2023-11-21T13:41:56","modified_gmt":"2023-11-21T13:41:56","slug":"showroom","status":"publish","type":"page","link":"http:\/\/infoglobaldys.com.tr\/index.php\/showroom\/","title":{"rendered":"SHOWROOM"},"content":{"rendered":"\n<h3 class=\"wp-block-heading has-text-align-center\">SHOWROOM<\/h3>\n\n\n\n<h5 class=\"wp-block-heading has-text-align-center\">Firmam\u0131z\u0131n kendi koleksiyonu veya m\u00fc\u015fterilerimizin bizden talep etti\u011fi , \u00f6zenle \u00fcretti\u011fimiz koleksiyonlar sergilenmektedir. <\/h5>\n\n\n\n<figure class=\"wp-block-image aligncenter size-large\"><img loading=\"lazy\" decoding=\"async\" width=\"1024\" height=\"768\" src=\"http:\/\/infoglobaldys.com.tr\/wp-content\/uploads\/2023\/11\/IMG_4907-3-1024x768.jpg\" alt=\"\" class=\"wp-image-436\" srcset=\"http:\/\/infoglobaldys.com.tr\/wp-content\/uploads\/2023\/11\/IMG_4907-3-1024x768.jpg 1024w, http:\/\/infoglobaldys.com.tr\/wp-content\/uploads\/2023\/11\/IMG_4907-3-300x225.jpg 300w, http:\/\/infoglobaldys.com.tr\/wp-content\/uploads\/2023\/11\/IMG_4907-3-768x576.jpg 768w, http:\/\/infoglobaldys.com.tr\/wp-content\/uploads\/2023\/11\/IMG_4907-3-1536x1152.jpg 1536w, http:\/\/infoglobaldys.com.tr\/wp-content\/uploads\/2023\/11\/IMG_4907-3-2048x1536.jpg 2048w\" sizes=\"(max-width: 1024px) 100vw, 1024px\" \/><\/figure>\n\n\n\n<div class=\"wp-block-columns alignwide is-layout-flex wp-container-core-columns-layout-1 wp-block-columns-is-layout-flex\">\n<div class=\"wp-block-column is-layout-flow wp-block-column-is-layout-flow\">\n<figure class=\"wp-block-image size-full\"><img loading=\"lazy\" decoding=\"async\" width=\"768\" height=\"1024\" src=\"http:\/\/infoglobaldys.com.tr\/wp-content\/uploads\/2023\/11\/PHOTO-2023-11-17-16-27-34-1.jpg\" alt=\"\" class=\"wp-image-413\" srcset=\"http:\/\/infoglobaldys.com.tr\/wp-content\/uploads\/2023\/11\/PHOTO-2023-11-17-16-27-34-1.jpg 768w, http:\/\/infoglobaldys.com.tr\/wp-content\/uploads\/2023\/11\/PHOTO-2023-11-17-16-27-34-1-225x300.jpg 225w\" sizes=\"(max-width: 768px) 100vw, 768px\" \/><\/figure>\n<\/div>\n\n\n\n<div class=\"wp-block-column is-layout-flow wp-block-column-is-layout-flow\">\n<figure class=\"wp-block-image size-large\"><img loading=\"lazy\" decoding=\"async\" width=\"768\" height=\"1024\" src=\"http:\/\/infoglobaldys.com.tr\/wp-content\/uploads\/2023\/11\/IMG_4020-768x1024.jpg\" alt=\"\" class=\"wp-image-530\" srcset=\"http:\/\/infoglobaldys.com.tr\/wp-content\/uploads\/2023\/11\/IMG_4020-768x1024.jpg 768w, http:\/\/infoglobaldys.com.tr\/wp-content\/uploads\/2023\/11\/IMG_4020-225x300.jpg 225w, http:\/\/infoglobaldys.com.tr\/wp-content\/uploads\/2023\/11\/IMG_4020-1152x1536.jpg 1152w, http:\/\/infoglobaldys.com.tr\/wp-content\/uploads\/2023\/11\/IMG_4020-1536x2048.jpg 1536w, http:\/\/infoglobaldys.com.tr\/wp-content\/uploads\/2023\/11\/IMG_4020-scaled.jpg 1920w\" sizes=\"(max-width: 768px) 100vw, 768px\" \/><\/figure>\n<\/div>\n\n\n\n<div class=\"wp-block-column is-layout-flow wp-block-column-is-layout-flow\">\n<figure class=\"wp-block-image size-full\"><img loading=\"lazy\" decoding=\"async\" width=\"768\" height=\"1024\" src=\"http:\/\/infoglobaldys.com.tr\/wp-content\/uploads\/2023\/11\/PHOTO-2023-11-17-16-27-35-2.jpg\" alt=\"\" class=\"wp-image-417\" srcset=\"http:\/\/infoglobaldys.com.tr\/wp-content\/uploads\/2023\/11\/PHOTO-2023-11-17-16-27-35-2.jpg 768w, http:\/\/infoglobaldys.com.tr\/wp-content\/uploads\/2023\/11\/PHOTO-2023-11-17-16-27-35-2-225x300.jpg 225w\" sizes=\"(max-width: 768px) 100vw, 768px\" \/><\/figure>\n<\/div>\n<\/div>\n\n\n\n<div class=\"wp-block-columns alignwide is-layout-flex wp-container-core-columns-layout-2 wp-block-columns-is-layout-flex\">\n<div class=\"wp-block-column is-layout-flow wp-block-column-is-layout-flow\">\n<figure class=\"wp-block-image size-full\"><img loading=\"lazy\" decoding=\"async\" width=\"1200\" height=\"1600\" src=\"http:\/\/infoglobaldys.com.tr\/wp-content\/uploads\/2023\/11\/PHOTO-2022-05-17-11-46-34.jpg\" alt=\"\" class=\"wp-image-421\" srcset=\"http:\/\/infoglobaldys.com.tr\/wp-content\/uploads\/2023\/11\/PHOTO-2022-05-17-11-46-34.jpg 1200w, http:\/\/infoglobaldys.com.tr\/wp-content\/uploads\/2023\/11\/PHOTO-2022-05-17-11-46-34-225x300.jpg 225w, http:\/\/infoglobaldys.com.tr\/wp-content\/uploads\/2023\/11\/PHOTO-2022-05-17-11-46-34-768x1024.jpg 768w, http:\/\/infoglobaldys.com.tr\/wp-content\/uploads\/2023\/11\/PHOTO-2022-05-17-11-46-34-1152x1536.jpg 1152w\" sizes=\"(max-width: 1200px) 100vw, 1200px\" \/><\/figure>\n<\/div>\n\n\n\n<div class=\"wp-block-column is-layout-flow wp-block-column-is-layout-flow\">\n<figure class=\"wp-block-image size-full\"><img loading=\"lazy\" decoding=\"async\" width=\"768\" height=\"1024\" src=\"http:\/\/infoglobaldys.com.tr\/wp-content\/uploads\/2023\/11\/PHOTO-2023-11-17-16-27-35-1.jpg\" alt=\"\" class=\"wp-image-416\" srcset=\"http:\/\/infoglobaldys.com.tr\/wp-content\/uploads\/2023\/11\/PHOTO-2023-11-17-16-27-35-1.jpg 768w, http:\/\/infoglobaldys.com.tr\/wp-content\/uploads\/2023\/11\/PHOTO-2023-11-17-16-27-35-1-225x300.jpg 225w\" sizes=\"(max-width: 768px) 100vw, 768px\" \/><\/figure>\n<\/div>\n\n\n\n<div class=\"wp-block-column is-layout-flow wp-block-column-is-layout-flow\">\n<figure class=\"wp-block-image size-full is-resized\"><img loading=\"lazy\" decoding=\"async\" width=\"1200\" height=\"1600\" src=\"http:\/\/infoglobaldys.com.tr\/wp-content\/uploads\/2023\/11\/PHOTO-2022-05-17-11-46-36.jpg\" alt=\"\" class=\"wp-image-420\" style=\"width:385px;height:auto\" srcset=\"http:\/\/infoglobaldys.com.tr\/wp-content\/uploads\/2023\/11\/PHOTO-2022-05-17-11-46-36.jpg 1200w, http:\/\/infoglobaldys.com.tr\/wp-content\/uploads\/2023\/11\/PHOTO-2022-05-17-11-46-36-225x300.jpg 225w, http:\/\/infoglobaldys.com.tr\/wp-content\/uploads\/2023\/11\/PHOTO-2022-05-17-11-46-36-768x1024.jpg 768w, http:\/\/infoglobaldys.com.tr\/wp-content\/uploads\/2023\/11\/PHOTO-2022-05-17-11-46-36-1152x1536.jpg 1152w\" sizes=\"(max-width: 1200px) 100vw, 1200px\" \/><\/figure>\n<\/div>\n<\/div>\n","protected":false},"excerpt":{"rendered":"<p>SHOWROOM Firmam\u0131z\u0131n kendi koleksiyonu veya m\u00fc\u015fterilerimizin bizden talep etti\u011fi , \u00f6zenle \u00fcretti\u011fimiz koleksiyonlar sergilenmektedir.<\/p>\n","protected":false},"author":2,"featured_media":0,"parent":0,"menu_order":0,"comment_status":"closed","ping_status":"closed","template":"","meta":{"site-sidebar-layout":"default","site-content-layout":"","ast-site-content-layout":"","site-content-style":"default","site-sidebar-style":"default","ast-global-header-display":"","ast-banner-title-visibility":"","ast-main-header-display":"","ast-hfb-above-header-display":"","ast-hfb-below-header-display":"","ast-hfb-mobile-header-display":"","site-post-title":"disabled","ast-breadcrumbs-content":"","ast-featured-img":"","footer-sml-layout":"","theme-transparent-header-meta":"","adv-header-id-meta":"","stick-header-meta":"","header-above-stick-meta":"","header-main-stick-meta":"","header-below-stick-meta":"","astra-migrate-meta-layouts":"","ast-page-background-enabled":"default","ast-page-background-meta":{"desktop":{"background-color":"var(--ast-global-color-4)","background-image":"","background-repeat":"repeat","background-position":"center center","background-size":"auto","background-attachment":"scroll","background-type":"","background-media":"","overlay-type":"","overlay-color":"","overlay-gradient":""},"tablet":{"background-color":"","background-image":"","background-repeat":"repeat","background-position":"center center","background-size":"auto","background-attachment":"scroll","background-type":"","background-media":"","overlay-type":"","overlay-color":"","overlay-gradient":""},"mobile":{"background-color":"","background-image":"","background-repeat":"repeat","background-position":"center center","background-size":"auto","background-attachment":"scroll","background-type":"","background-media":"","overlay-type":"","overlay-color":"","overlay-gradient":""}},"ast-content-background-meta":{"desktop":{"background-color":"var(--ast-global-color-5)","background-image":"","background-repeat":"repeat","background-position":"center center","background-size":"auto","background-attachment":"scroll","background-type":"","background-media":"","overlay-type":"","overlay-color":"","overlay-gradient":""},"tablet":{"background-color":"var(--ast-global-color-5)","background-image":"","background-repeat":"repeat","background-position":"center center","background-size":"auto","background-attachment":"scroll","background-type":"","background-media":"","overlay-type":"","overlay-color":"","overlay-gradient":""},"mobile":{"background-color":"var(--ast-global-color-5)","background-image":"","background-repeat":"repeat","background-position":"center center","background-size":"auto","background-attachment":"scroll","background-type":"","background-media":"","overlay-type":"","overlay-color":"","overlay-gradient":""}},"footnotes":""},"yoast_head":"<!-- This site is optimized with the Yoast SEO plugin v21.5 - https:\/\/yoast.com\/wordpress\/plugins\/seo\/ -->\r\n<title>SHOWROOM | INFO GLOBAL DYS<\/title>\r\n<meta name=\"robots\" content=\"index, follow, max-snippet:-1, max-image-preview:large, max-video-preview:-1\" \/>\r\n<link rel=\"canonical\" href=\"http:\/\/infoglobaldys.com.tr\/index.php\/showroom\/\" \/>\r\n<meta property=\"og:locale\" content=\"tr_TR\" \/>\r\n<meta property=\"og:type\" content=\"article\" \/>\r\n<meta property=\"og:title\" content=\"SHOWROOM | INFO GLOBAL DYS\" \/>\r\n<meta property=\"og:description\" content=\"SHOWROOM Firmam\u0131z\u0131n kendi koleksiyonu veya m\u00fc\u015fterilerimizin bizden talep etti\u011fi , \u00f6zenle \u00fcretti\u011fimiz koleksiyonlar sergilenmektedir.\" \/>\r\n<meta property=\"og:url\" content=\"http:\/\/infoglobaldys.com.tr\/index.php\/showroom\/\" \/>\r\n<meta property=\"og:site_name\" content=\"INFO GLOBAL DYS\" \/>\r\n<meta property=\"article:modified_time\" content=\"2023-11-21T13:41:56+00:00\" \/>\r\n<meta property=\"og:image\" content=\"http:\/\/infoglobaldys.com.tr\/wp-content\/uploads\/2023\/11\/IMG_4907-3-1024x768.jpg\" \/>\r\n<meta name=\"twitter:card\" content=\"summary_large_image\" \/>\r\n<meta name=\"twitter:label1\" content=\"Tahmini okuma s\u00fcresi\" \/>\n\t<meta name=\"twitter:data1\" content=\"2 dakika\" \/>\r\n<script type=\"application\/ld+json\" class=\"yoast-schema-graph\">{\"@context\":\"https:\/\/schema.org\",\"@graph\":[{\"@type\":\"WebPage\",\"@id\":\"http:\/\/infoglobaldys.com.tr\/index.php\/showroom\/\",\"url\":\"http:\/\/infoglobaldys.com.tr\/index.php\/showroom\/\",\"name\":\"SHOWROOM | INFO GLOBAL DYS\",\"isPartOf\":{\"@id\":\"http:\/\/infoglobaldys.com.tr\/#website\"},\"datePublished\":\"2023-11-17T08:25:40+00:00\",\"dateModified\":\"2023-11-21T13:41:56+00:00\",\"breadcrumb\":{\"@id\":\"http:\/\/infoglobaldys.com.tr\/index.php\/showroom\/#breadcrumb\"},\"inLanguage\":\"tr\",\"potentialAction\":[{\"@type\":\"ReadAction\",\"target\":[\"http:\/\/infoglobaldys.com.tr\/index.php\/showroom\/\"]}]},{\"@type\":\"BreadcrumbList\",\"@id\":\"http:\/\/infoglobaldys.com.tr\/index.php\/showroom\/#breadcrumb\",\"itemListElement\":[{\"@type\":\"ListItem\",\"position\":1,\"name\":\"Home\",\"item\":\"http:\/\/infoglobaldys.com.tr\/\"},{\"@type\":\"ListItem\",\"position\":2,\"name\":\"SHOWROOM\"}]},{\"@type\":\"WebSite\",\"@id\":\"http:\/\/infoglobaldys.com.tr\/#website\",\"url\":\"http:\/\/infoglobaldys.com.tr\/\",\"name\":\"INFO GLOBAL DYS\",\"description\":\"\",\"publisher\":{\"@id\":\"http:\/\/infoglobaldys.com.tr\/#organization\"},\"potentialAction\":[{\"@type\":\"SearchAction\",\"target\":{\"@type\":\"EntryPoint\",\"urlTemplate\":\"http:\/\/infoglobaldys.com.tr\/?s={search_term_string}\"},\"query-input\":\"required name=search_term_string\"}],\"inLanguage\":\"tr\"},{\"@type\":\"Organization\",\"@id\":\"http:\/\/infoglobaldys.com.tr\/#organization\",\"name\":\"INFO GLOBAL DYS\",\"url\":\"http:\/\/infoglobaldys.com.tr\/\",\"logo\":{\"@type\":\"ImageObject\",\"inLanguage\":\"tr\",\"@id\":\"http:\/\/infoglobaldys.com.tr\/#\/schema\/logo\/image\/\",\"url\":\"http:\/\/infoglobaldys.com.tr\/wp-content\/uploads\/2020\/05\/Ads\u0131z-1.png\",\"contentUrl\":\"http:\/\/infoglobaldys.com.tr\/wp-content\/uploads\/2020\/05\/Ads\u0131z-1.png\",\"width\":1667,\"height\":1179,\"caption\":\"INFO GLOBAL DYS\"},\"image\":{\"@id\":\"http:\/\/infoglobaldys.com.tr\/#\/schema\/logo\/image\/\"}}]}<\/script>\r\n<!-- \/ Yoast SEO plugin. -->","yoast_head_json":{"title":"SHOWROOM | INFO GLOBAL DYS","robots":{"index":"index","follow":"follow","max-snippet":"max-snippet:-1","max-image-preview":"max-image-preview:large","max-video-preview":"max-video-preview:-1"},"canonical":"http:\/\/infoglobaldys.com.tr\/index.php\/showroom\/","og_locale":"tr_TR","og_type":"article","og_title":"SHOWROOM | INFO GLOBAL DYS","og_description":"SHOWROOM Firmam\u0131z\u0131n kendi koleksiyonu veya m\u00fc\u015fterilerimizin bizden talep etti\u011fi , \u00f6zenle \u00fcretti\u011fimiz koleksiyonlar sergilenmektedir.","og_url":"http:\/\/infoglobaldys.com.tr\/index.php\/showroom\/","og_site_name":"INFO GLOBAL DYS","article_modified_time":"2023-11-21T13:41:56+00:00","og_image":[{"url":"http:\/\/infoglobaldys.com.tr\/wp-content\/uploads\/2023\/11\/IMG_4907-3-1024x768.jpg"}],"twitter_card":"summary_large_image","twitter_misc":{"Tahmini okuma s\u00fcresi":"2 dakika"},"schema":{"@context":"https:\/\/schema.org","@graph":[{"@type":"WebPage","@id":"http:\/\/infoglobaldys.com.tr\/index.php\/showroom\/","url":"http:\/\/infoglobaldys.com.tr\/index.php\/showroom\/","name":"SHOWROOM | INFO GLOBAL DYS","isPartOf":{"@id":"http:\/\/infoglobaldys.com.tr\/#website"},"datePublished":"2023-11-17T08:25:40+00:00","dateModified":"2023-11-21T13:41:56+00:00","breadcrumb":{"@id":"http:\/\/infoglobaldys.com.tr\/index.php\/showroom\/#breadcrumb"},"inLanguage":"tr","potentialAction":[{"@type":"ReadAction","target":["http:\/\/infoglobaldys.com.tr\/index.php\/showroom\/"]}]},{"@type":"BreadcrumbList","@id":"http:\/\/infoglobaldys.com.tr\/index.php\/showroom\/#breadcrumb","itemListElement":[{"@type":"ListItem","position":1,"name":"Home","item":"http:\/\/infoglobaldys.com.tr\/"},{"@type":"ListItem","position":2,"name":"SHOWROOM"}]},{"@type":"WebSite","@id":"http:\/\/infoglobaldys.com.tr\/#website","url":"http:\/\/infoglobaldys.com.tr\/","name":"INFO GLOBAL DYS","description":"","publisher":{"@id":"http:\/\/infoglobaldys.com.tr\/#organization"},"potentialAction":[{"@type":"SearchAction","target":{"@type":"EntryPoint","urlTemplate":"http:\/\/infoglobaldys.com.tr\/?s={search_term_string}"},"query-input":"required name=search_term_string"}],"inLanguage":"tr"},{"@type":"Organization","@id":"http:\/\/infoglobaldys.com.tr\/#organization","name":"INFO GLOBAL DYS","url":"http:\/\/infoglobaldys.com.tr\/","logo":{"@type":"ImageObject","inLanguage":"tr","@id":"http:\/\/infoglobaldys.com.tr\/#\/schema\/logo\/image\/","url":"http:\/\/infoglobaldys.com.tr\/wp-content\/uploads\/2020\/05\/Ads\u0131z-1.png","contentUrl":"http:\/\/infoglobaldys.com.tr\/wp-content\/uploads\/2020\/05\/Ads\u0131z-1.png","width":1667,"height":1179,"caption":"INFO GLOBAL DYS"},"image":{"@id":"http:\/\/infoglobaldys.com.tr\/#\/schema\/logo\/image\/"}}]}},"_links":{"self":[{"href":"http:\/\/infoglobaldys.com.tr\/index.php\/wp-json\/wp\/v2\/pages\/369"}],"collection":[{"href":"http:\/\/infoglobaldys.com.tr\/index.php\/wp-json\/wp\/v2\/pages"}],"about":[{"href":"http:\/\/infoglobaldys.com.tr\/index.php\/wp-json\/wp\/v2\/types\/page"}],"author":[{"embeddable":true,"href":"http:\/\/infoglobaldys.com.tr\/index.php\/wp-json\/wp\/v2\/users\/2"}],"replies":[{"embeddable":true,"href":"http:\/\/infoglobaldys.com.tr\/index.php\/wp-json\/wp\/v2\/comments?post=369"}],"version-history":[{"count":4,"href":"http:\/\/infoglobaldys.com.tr\/index.php\/wp-json\/wp\/v2\/pages\/369\/revisions"}],"predecessor-version":[{"id":532,"href":"http:\/\/infoglobaldys.com.tr\/index.php\/wp-json\/wp\/v2\/pages\/369\/revisions\/532"}],"wp:attachment":[{"href":"http:\/\/infoglobaldys.com.tr\/index.php\/wp-json\/wp\/v2\/media?parent=369"}],"curies":[{"name":"wp","href":"https:\/\/api.w.org\/{rel}","templated":true}]}}