{"id":367,"date":"2023-11-17T08:24:34","date_gmt":"2023-11-17T08:24:34","guid":{"rendered":"http:\/\/infoglobaldys.com.tr\/?page_id=367"},"modified":"2023-12-01T08:20:54","modified_gmt":"2023-12-01T08:20:54","slug":"utu-paket-sevkiyat","status":"publish","type":"page","link":"http:\/\/infoglobaldys.com.tr\/index.php\/utu-paket-sevkiyat\/","title":{"rendered":"\u00dcT\u00dc PAKET VE SEVK\u0130YAT"},"content":{"rendered":"\n<h3 class=\"wp-block-heading has-text-align-center\">\u00dcT\u00dc PAKET VE SEVK\u0130YAT<\/h3>\n\n\n\n<h5 class=\"wp-block-heading\">\u00dct\u00fc paket b\u00f6l\u00fcm\u00fcm\u00fczde t\u00fcm \u00fcr\u00fcnlerimizin \u00f6n kontrol, ara kontrol ve son kontrolden ge\u00e7erek kalite g\u00fcvencesi sa\u011flanmaktad\u0131r. Ayr\u0131ca kendi b\u00fcnyemizde bulunan ve de m\u00fc\u015fterilerimizin y\u00f6nlendirdi\u011fi final kontrol ekipleri taraf\u0131ndan uygunlu\u011fundan emin olunan \u00fcr\u00fcnler sevkiyat b\u00f6l\u00fcm\u00fcne teslim edilmektedir.<\/h5>\n\n\n\n<h5 class=\"wp-block-heading\">Sevkiyat b\u00f6l\u00fcm\u00fcm\u00fczde gelen malzemelerin ve \u00fcretilen \u00fcr\u00fcnlerin giri\u015f \u00e7\u0131k\u0131\u015flar\u0131 dikkatli bir \u015fekilde kontrol edilmektedir. Sevkiyat ekibimiz \u00fcr\u00fcnlerin ve malzemelerin sorun ya\u015fanmadan zaman\u0131nda teslim edilmesini b\u00fcy\u00fck bir hassasiyetle kontrol ederler.<\/h5>\n\n\n\n<div class=\"wp-block-columns alignfull is-layout-flex wp-container-core-columns-layout-1 wp-block-columns-is-layout-flex\">\n<div class=\"wp-block-column is-layout-flow wp-block-column-is-layout-flow\">\n<figure class=\"wp-block-image aligncenter size-large is-resized\"><img loading=\"lazy\" decoding=\"async\" width=\"733\" height=\"1024\" src=\"http:\/\/infoglobaldys.com.tr\/wp-content\/uploads\/2023\/12\/3-733x1024.jpg\" alt=\"\" class=\"wp-image-594\" style=\"width:382px;height:auto\" srcset=\"http:\/\/infoglobaldys.com.tr\/wp-content\/uploads\/2023\/12\/3-733x1024.jpg 733w, http:\/\/infoglobaldys.com.tr\/wp-content\/uploads\/2023\/12\/3-215x300.jpg 215w, http:\/\/infoglobaldys.com.tr\/wp-content\/uploads\/2023\/12\/3-768x1073.jpg 768w, http:\/\/infoglobaldys.com.tr\/wp-content\/uploads\/2023\/12\/3.jpg 916w\" sizes=\"(max-width: 733px) 100vw, 733px\" \/><\/figure>\n<\/div>\n\n\n\n<div class=\"wp-block-column is-layout-flow wp-block-column-is-layout-flow\">\n<figure class=\"wp-block-image aligncenter size-large is-resized\"><img loading=\"lazy\" decoding=\"async\" width=\"683\" height=\"1024\" src=\"http:\/\/infoglobaldys.com.tr\/wp-content\/uploads\/2023\/12\/IMG_3231-683x1024.jpg\" alt=\"\" class=\"wp-image-590\" style=\"width:356px;height:auto\" srcset=\"http:\/\/infoglobaldys.com.tr\/wp-content\/uploads\/2023\/12\/IMG_3231-683x1024.jpg 683w, http:\/\/infoglobaldys.com.tr\/wp-content\/uploads\/2023\/12\/IMG_3231-200x300.jpg 200w, http:\/\/infoglobaldys.com.tr\/wp-content\/uploads\/2023\/12\/IMG_3231-768x1152.jpg 768w, http:\/\/infoglobaldys.com.tr\/wp-content\/uploads\/2023\/12\/IMG_3231-1024x1536.jpg 1024w, http:\/\/infoglobaldys.com.tr\/wp-content\/uploads\/2023\/12\/IMG_3231.jpg 1280w\" sizes=\"(max-width: 683px) 100vw, 683px\" \/><\/figure>\n<\/div>\n\n\n\n<div class=\"wp-block-column is-layout-flow wp-block-column-is-layout-flow\">\n<figure class=\"wp-block-image aligncenter size-large is-resized\"><img loading=\"lazy\" decoding=\"async\" width=\"812\" height=\"1024\" src=\"http:\/\/infoglobaldys.com.tr\/wp-content\/uploads\/2023\/12\/2-812x1024.jpg\" alt=\"\" class=\"wp-image-593\" style=\"width:423px;height:auto\" srcset=\"http:\/\/infoglobaldys.com.tr\/wp-content\/uploads\/2023\/12\/2-812x1024.jpg 812w, http:\/\/infoglobaldys.com.tr\/wp-content\/uploads\/2023\/12\/2-238x300.jpg 238w, http:\/\/infoglobaldys.com.tr\/wp-content\/uploads\/2023\/12\/2-768x969.jpg 768w, http:\/\/infoglobaldys.com.tr\/wp-content\/uploads\/2023\/12\/2.jpg 928w\" sizes=\"(max-width: 812px) 100vw, 812px\" \/><\/figure>\n<\/div>\n<\/div>\n","protected":false},"excerpt":{"rendered":"<p>\u00dcT\u00dc PAKET VE SEVK\u0130YAT \u00dct\u00fc paket b\u00f6l\u00fcm\u00fcm\u00fczde t\u00fcm \u00fcr\u00fcnlerimizin \u00f6n kontrol, ara kontrol ve son kontrolden ge\u00e7erek kalite g\u00fcvencesi sa\u011flanmaktad\u0131r. Ayr\u0131ca kendi b\u00fcnyemizde bulunan ve de m\u00fc\u015fterilerimizin y\u00f6nlendirdi\u011fi final kontrol ekipleri taraf\u0131ndan uygunlu\u011fundan emin olunan \u00fcr\u00fcnler sevkiyat b\u00f6l\u00fcm\u00fcne teslim edilmektedir. Sevkiyat b\u00f6l\u00fcm\u00fcm\u00fczde gelen malzemelerin ve \u00fcretilen \u00fcr\u00fcnlerin giri\u015f \u00e7\u0131k\u0131\u015flar\u0131 dikkatli bir \u015fekilde kontrol edilmektedir. Sevkiyat &hellip;<\/p>\n<p class=\"read-more\"> <a class=\"\" href=\"http:\/\/infoglobaldys.com.tr\/index.php\/utu-paket-sevkiyat\/\"> <span class=\"screen-reader-text\">\u00dcT\u00dc PAKET VE SEVK\u0130YAT<\/span> Devam\u0131 &raquo;<\/a><\/p>\n","protected":false},"author":2,"featured_media":0,"parent":0,"menu_order":0,"comment_status":"closed","ping_status":"closed","template":"","meta":{"site-sidebar-layout":"default","site-content-layout":"","ast-site-content-layout":"","site-content-style":"default","site-sidebar-style":"default","ast-global-header-display":"","ast-banner-title-visibility":"","ast-main-header-display":"","ast-hfb-above-header-display":"","ast-hfb-below-header-display":"","ast-hfb-mobile-header-display":"","site-post-title":"disabled","ast-breadcrumbs-content":"","ast-featured-img":"","footer-sml-layout":"","theme-transparent-header-meta":"","adv-header-id-meta":"","stick-header-meta":"","header-above-stick-meta":"","header-main-stick-meta":"","header-below-stick-meta":"","astra-migrate-meta-layouts":"","ast-page-background-enabled":"default","ast-page-background-meta":{"desktop":{"background-color":"var(--ast-global-color-4)","background-image":"","background-repeat":"repeat","background-position":"center center","background-size":"auto","background-attachment":"scroll","background-type":"","background-media":"","overlay-type":"","overlay-color":"","overlay-gradient":""},"tablet":{"background-color":"","background-image":"","background-repeat":"repeat","background-position":"center center","background-size":"auto","background-attachment":"scroll","background-type":"","background-media":"","overlay-type":"","overlay-color":"","overlay-gradient":""},"mobile":{"background-color":"","background-image":"","background-repeat":"repeat","background-position":"center center","background-size":"auto","background-attachment":"scroll","background-type":"","background-media":"","overlay-type":"","overlay-color":"","overlay-gradient":""}},"ast-content-background-meta":{"desktop":{"background-color":"var(--ast-global-color-5)","background-image":"","background-repeat":"repeat","background-position":"center center","background-size":"auto","background-attachment":"scroll","background-type":"","background-media":"","overlay-type":"","overlay-color":"","overlay-gradient":""},"tablet":{"background-color":"var(--ast-global-color-5)","background-image":"","background-repeat":"repeat","background-position":"center center","background-size":"auto","background-attachment":"scroll","background-type":"","background-media":"","overlay-type":"","overlay-color":"","overlay-gradient":""},"mobile":{"background-color":"var(--ast-global-color-5)","background-image":"","background-repeat":"repeat","background-position":"center center","background-size":"auto","background-attachment":"scroll","background-type":"","background-media":"","overlay-type":"","overlay-color":"","overlay-gradient":""}},"footnotes":""},"yoast_head":"<!-- This site is optimized with the Yoast SEO plugin v21.5 - https:\/\/yoast.com\/wordpress\/plugins\/seo\/ -->\r\n<title>\u00dcT\u00dc PAKET VE SEVK\u0130YAT | INFO GLOBAL DYS<\/title>\r\n<meta name=\"robots\" content=\"index, follow, max-snippet:-1, max-image-preview:large, max-video-preview:-1\" \/>\r\n<link rel=\"canonical\" href=\"http:\/\/infoglobaldys.com.tr\/index.php\/utu-paket-sevkiyat\/\" \/>\r\n<meta property=\"og:locale\" content=\"tr_TR\" \/>\r\n<meta property=\"og:type\" content=\"article\" \/>\r\n<meta property=\"og:title\" content=\"\u00dcT\u00dc PAKET VE SEVK\u0130YAT | INFO GLOBAL DYS\" \/>\r\n<meta property=\"og:description\" content=\"\u00dcT\u00dc PAKET VE SEVK\u0130YAT \u00dct\u00fc paket b\u00f6l\u00fcm\u00fcm\u00fczde t\u00fcm \u00fcr\u00fcnlerimizin \u00f6n kontrol, ara kontrol ve son kontrolden ge\u00e7erek kalite g\u00fcvencesi sa\u011flanmaktad\u0131r. Ayr\u0131ca kendi b\u00fcnyemizde bulunan ve de m\u00fc\u015fterilerimizin y\u00f6nlendirdi\u011fi final kontrol ekipleri taraf\u0131ndan uygunlu\u011fundan emin olunan \u00fcr\u00fcnler sevkiyat b\u00f6l\u00fcm\u00fcne teslim edilmektedir. Sevkiyat b\u00f6l\u00fcm\u00fcm\u00fczde gelen malzemelerin ve \u00fcretilen \u00fcr\u00fcnlerin giri\u015f \u00e7\u0131k\u0131\u015flar\u0131 dikkatli bir \u015fekilde kontrol edilmektedir. Sevkiyat &hellip; \u00dcT\u00dc PAKET VE SEVK\u0130YAT Devam\u0131 &raquo;\" \/>\r\n<meta property=\"og:url\" content=\"http:\/\/infoglobaldys.com.tr\/index.php\/utu-paket-sevkiyat\/\" \/>\r\n<meta property=\"og:site_name\" content=\"INFO GLOBAL DYS\" \/>\r\n<meta property=\"article:modified_time\" content=\"2023-12-01T08:20:54+00:00\" \/>\r\n<meta property=\"og:image\" content=\"http:\/\/infoglobaldys.com.tr\/wp-content\/uploads\/2023\/12\/3-733x1024.jpg\" \/>\r\n<meta name=\"twitter:card\" content=\"summary_large_image\" \/>\r\n<meta name=\"twitter:label1\" content=\"Tahmini okuma s\u00fcresi\" \/>\n\t<meta name=\"twitter:data1\" content=\"2 dakika\" \/>\r\n<script type=\"application\/ld+json\" class=\"yoast-schema-graph\">{\"@context\":\"https:\/\/schema.org\",\"@graph\":[{\"@type\":\"WebPage\",\"@id\":\"http:\/\/infoglobaldys.com.tr\/index.php\/utu-paket-sevkiyat\/\",\"url\":\"http:\/\/infoglobaldys.com.tr\/index.php\/utu-paket-sevkiyat\/\",\"name\":\"\u00dcT\u00dc PAKET VE SEVK\u0130YAT | INFO GLOBAL DYS\",\"isPartOf\":{\"@id\":\"http:\/\/infoglobaldys.com.tr\/#website\"},\"datePublished\":\"2023-11-17T08:24:34+00:00\",\"dateModified\":\"2023-12-01T08:20:54+00:00\",\"breadcrumb\":{\"@id\":\"http:\/\/infoglobaldys.com.tr\/index.php\/utu-paket-sevkiyat\/#breadcrumb\"},\"inLanguage\":\"tr\",\"potentialAction\":[{\"@type\":\"ReadAction\",\"target\":[\"http:\/\/infoglobaldys.com.tr\/index.php\/utu-paket-sevkiyat\/\"]}]},{\"@type\":\"BreadcrumbList\",\"@id\":\"http:\/\/infoglobaldys.com.tr\/index.php\/utu-paket-sevkiyat\/#breadcrumb\",\"itemListElement\":[{\"@type\":\"ListItem\",\"position\":1,\"name\":\"Home\",\"item\":\"http:\/\/infoglobaldys.com.tr\/\"},{\"@type\":\"ListItem\",\"position\":2,\"name\":\"\u00dcT\u00dc PAKET VE SEVK\u0130YAT\"}]},{\"@type\":\"WebSite\",\"@id\":\"http:\/\/infoglobaldys.com.tr\/#website\",\"url\":\"http:\/\/infoglobaldys.com.tr\/\",\"name\":\"INFO GLOBAL DYS\",\"description\":\"\",\"publisher\":{\"@id\":\"http:\/\/infoglobaldys.com.tr\/#organization\"},\"potentialAction\":[{\"@type\":\"SearchAction\",\"target\":{\"@type\":\"EntryPoint\",\"urlTemplate\":\"http:\/\/infoglobaldys.com.tr\/?s={search_term_string}\"},\"query-input\":\"required name=search_term_string\"}],\"inLanguage\":\"tr\"},{\"@type\":\"Organization\",\"@id\":\"http:\/\/infoglobaldys.com.tr\/#organization\",\"name\":\"INFO GLOBAL DYS\",\"url\":\"http:\/\/infoglobaldys.com.tr\/\",\"logo\":{\"@type\":\"ImageObject\",\"inLanguage\":\"tr\",\"@id\":\"http:\/\/infoglobaldys.com.tr\/#\/schema\/logo\/image\/\",\"url\":\"http:\/\/infoglobaldys.com.tr\/wp-content\/uploads\/2020\/05\/Ads\u0131z-1.png\",\"contentUrl\":\"http:\/\/infoglobaldys.com.tr\/wp-content\/uploads\/2020\/05\/Ads\u0131z-1.png\",\"width\":1667,\"height\":1179,\"caption\":\"INFO GLOBAL DYS\"},\"image\":{\"@id\":\"http:\/\/infoglobaldys.com.tr\/#\/schema\/logo\/image\/\"}}]}<\/script>\r\n<!-- \/ Yoast SEO plugin. -->","yoast_head_json":{"title":"\u00dcT\u00dc PAKET VE SEVK\u0130YAT | INFO GLOBAL DYS","robots":{"index":"index","follow":"follow","max-snippet":"max-snippet:-1","max-image-preview":"max-image-preview:large","max-video-preview":"max-video-preview:-1"},"canonical":"http:\/\/infoglobaldys.com.tr\/index.php\/utu-paket-sevkiyat\/","og_locale":"tr_TR","og_type":"article","og_title":"\u00dcT\u00dc PAKET VE SEVK\u0130YAT | INFO GLOBAL DYS","og_description":"\u00dcT\u00dc PAKET VE SEVK\u0130YAT \u00dct\u00fc paket b\u00f6l\u00fcm\u00fcm\u00fczde t\u00fcm \u00fcr\u00fcnlerimizin \u00f6n kontrol, ara kontrol ve son kontrolden ge\u00e7erek kalite g\u00fcvencesi sa\u011flanmaktad\u0131r. Ayr\u0131ca kendi b\u00fcnyemizde bulunan ve de m\u00fc\u015fterilerimizin y\u00f6nlendirdi\u011fi final kontrol ekipleri taraf\u0131ndan uygunlu\u011fundan emin olunan \u00fcr\u00fcnler sevkiyat b\u00f6l\u00fcm\u00fcne teslim edilmektedir. Sevkiyat b\u00f6l\u00fcm\u00fcm\u00fczde gelen malzemelerin ve \u00fcretilen \u00fcr\u00fcnlerin giri\u015f \u00e7\u0131k\u0131\u015flar\u0131 dikkatli bir \u015fekilde kontrol edilmektedir. Sevkiyat &hellip; \u00dcT\u00dc PAKET VE SEVK\u0130YAT Devam\u0131 &raquo;","og_url":"http:\/\/infoglobaldys.com.tr\/index.php\/utu-paket-sevkiyat\/","og_site_name":"INFO GLOBAL DYS","article_modified_time":"2023-12-01T08:20:54+00:00","og_image":[{"url":"http:\/\/infoglobaldys.com.tr\/wp-content\/uploads\/2023\/12\/3-733x1024.jpg"}],"twitter_card":"summary_large_image","twitter_misc":{"Tahmini okuma s\u00fcresi":"2 dakika"},"schema":{"@context":"https:\/\/schema.org","@graph":[{"@type":"WebPage","@id":"http:\/\/infoglobaldys.com.tr\/index.php\/utu-paket-sevkiyat\/","url":"http:\/\/infoglobaldys.com.tr\/index.php\/utu-paket-sevkiyat\/","name":"\u00dcT\u00dc PAKET VE SEVK\u0130YAT | INFO GLOBAL DYS","isPartOf":{"@id":"http:\/\/infoglobaldys.com.tr\/#website"},"datePublished":"2023-11-17T08:24:34+00:00","dateModified":"2023-12-01T08:20:54+00:00","breadcrumb":{"@id":"http:\/\/infoglobaldys.com.tr\/index.php\/utu-paket-sevkiyat\/#breadcrumb"},"inLanguage":"tr","potentialAction":[{"@type":"ReadAction","target":["http:\/\/infoglobaldys.com.tr\/index.php\/utu-paket-sevkiyat\/"]}]},{"@type":"BreadcrumbList","@id":"http:\/\/infoglobaldys.com.tr\/index.php\/utu-paket-sevkiyat\/#breadcrumb","itemListElement":[{"@type":"ListItem","position":1,"name":"Home","item":"http:\/\/infoglobaldys.com.tr\/"},{"@type":"ListItem","position":2,"name":"\u00dcT\u00dc PAKET VE SEVK\u0130YAT"}]},{"@type":"WebSite","@id":"http:\/\/infoglobaldys.com.tr\/#website","url":"http:\/\/infoglobaldys.com.tr\/","name":"INFO GLOBAL DYS","description":"","publisher":{"@id":"http:\/\/infoglobaldys.com.tr\/#organization"},"potentialAction":[{"@type":"SearchAction","target":{"@type":"EntryPoint","urlTemplate":"http:\/\/infoglobaldys.com.tr\/?s={search_term_string}"},"query-input":"required name=search_term_string"}],"inLanguage":"tr"},{"@type":"Organization","@id":"http:\/\/infoglobaldys.com.tr\/#organization","name":"INFO GLOBAL DYS","url":"http:\/\/infoglobaldys.com.tr\/","logo":{"@type":"ImageObject","inLanguage":"tr","@id":"http:\/\/infoglobaldys.com.tr\/#\/schema\/logo\/image\/","url":"http:\/\/infoglobaldys.com.tr\/wp-content\/uploads\/2020\/05\/Ads\u0131z-1.png","contentUrl":"http:\/\/infoglobaldys.com.tr\/wp-content\/uploads\/2020\/05\/Ads\u0131z-1.png","width":1667,"height":1179,"caption":"INFO GLOBAL DYS"},"image":{"@id":"http:\/\/infoglobaldys.com.tr\/#\/schema\/logo\/image\/"}}]}},"_links":{"self":[{"href":"http:\/\/infoglobaldys.com.tr\/index.php\/wp-json\/wp\/v2\/pages\/367"}],"collection":[{"href":"http:\/\/infoglobaldys.com.tr\/index.php\/wp-json\/wp\/v2\/pages"}],"about":[{"href":"http:\/\/infoglobaldys.com.tr\/index.php\/wp-json\/wp\/v2\/types\/page"}],"author":[{"embeddable":true,"href":"http:\/\/infoglobaldys.com.tr\/index.php\/wp-json\/wp\/v2\/users\/2"}],"replies":[{"embeddable":true,"href":"http:\/\/infoglobaldys.com.tr\/index.php\/wp-json\/wp\/v2\/comments?post=367"}],"version-history":[{"count":5,"href":"http:\/\/infoglobaldys.com.tr\/index.php\/wp-json\/wp\/v2\/pages\/367\/revisions"}],"predecessor-version":[{"id":595,"href":"http:\/\/infoglobaldys.com.tr\/index.php\/wp-json\/wp\/v2\/pages\/367\/revisions\/595"}],"wp:attachment":[{"href":"http:\/\/infoglobaldys.com.tr\/index.php\/wp-json\/wp\/v2\/media?parent=367"}],"curies":[{"name":"wp","href":"https:\/\/api.w.org\/{rel}","templated":true}]}}