{"id":365,"date":"2023-11-17T08:23:14","date_gmt":"2023-11-17T08:23:14","guid":{"rendered":"http:\/\/infoglobaldys.com.tr\/?page_id=365"},"modified":"2023-12-01T08:26:34","modified_gmt":"2023-12-01T08:26:34","slug":"dikim","status":"publish","type":"page","link":"http:\/\/infoglobaldys.com.tr\/index.php\/dikim\/","title":{"rendered":"D\u0130K\u0130M"},"content":{"rendered":"\n<h3 class=\"wp-block-heading has-text-align-center\">D\u0130K\u0130MHANE<\/h3>\n\n\n\n<h5 class=\"wp-block-heading\">Kendi b\u00fcnyemizde bulunan dikimhanemiz \u00fcretim plan\u0131na ve m\u00fc\u015fteri standartlar\u0131na uygun olarak \u00e7al\u0131\u015fmaktad\u0131r. Kalite anlay\u0131\u015f\u0131na sahip ekibimiz di\u011fer \u00fcretim birimleri ile koordineli \u00e7al\u0131\u015farak \u00fcr\u00fcnleri haz\u0131r hale getirmektedir. \u00dcretim esnas\u0131nda kullan\u0131lan makineler g\u00fcn\u00fcm\u00fcz teknolojisine uygundur. Ayr\u0131ca kalitenin \u00f6nc\u00fcl\u00fck etti\u011fi dikimhanemizde i\u015f\u00e7i g\u00fcvenli\u011fi de son d\u00fczeyde sa\u011flanmaktad\u0131r.<\/h5>\n\n\n\n<div class=\"wp-block-columns alignfull is-layout-flex wp-container-core-columns-layout-1 wp-block-columns-is-layout-flex\">\n<div class=\"wp-block-column is-layout-flow wp-block-column-is-layout-flow\">\n<figure class=\"wp-block-image size-large is-resized\"><img loading=\"lazy\" decoding=\"async\" width=\"958\" height=\"1024\" src=\"http:\/\/infoglobaldys.com.tr\/wp-content\/uploads\/2023\/12\/12-958x1024.jpg\" alt=\"\" class=\"wp-image-597\" style=\"width:587px;height:auto\" srcset=\"http:\/\/infoglobaldys.com.tr\/wp-content\/uploads\/2023\/12\/12-958x1024.jpg 958w, http:\/\/infoglobaldys.com.tr\/wp-content\/uploads\/2023\/12\/12-281x300.jpg 281w, http:\/\/infoglobaldys.com.tr\/wp-content\/uploads\/2023\/12\/12-768x821.jpg 768w, http:\/\/infoglobaldys.com.tr\/wp-content\/uploads\/2023\/12\/12.jpg 1196w\" sizes=\"(max-width: 958px) 100vw, 958px\" \/><\/figure>\n<\/div>\n\n\n\n<div class=\"wp-block-column is-layout-flow wp-block-column-is-layout-flow\">\n<figure class=\"wp-block-image aligncenter size-large is-resized\"><img loading=\"lazy\" decoding=\"async\" width=\"683\" height=\"1024\" src=\"http:\/\/infoglobaldys.com.tr\/wp-content\/uploads\/2023\/12\/IMG_3204-683x1024.jpg\" alt=\"\" class=\"wp-image-596\" style=\"width:419px;height:auto\" srcset=\"http:\/\/infoglobaldys.com.tr\/wp-content\/uploads\/2023\/12\/IMG_3204-683x1024.jpg 683w, http:\/\/infoglobaldys.com.tr\/wp-content\/uploads\/2023\/12\/IMG_3204-200x300.jpg 200w, http:\/\/infoglobaldys.com.tr\/wp-content\/uploads\/2023\/12\/IMG_3204-768x1152.jpg 768w, http:\/\/infoglobaldys.com.tr\/wp-content\/uploads\/2023\/12\/IMG_3204-1024x1536.jpg 1024w, http:\/\/infoglobaldys.com.tr\/wp-content\/uploads\/2023\/12\/IMG_3204.jpg 1280w\" sizes=\"(max-width: 683px) 100vw, 683px\" \/><\/figure>\n<\/div>\n\n\n\n<div class=\"wp-block-column is-layout-flow wp-block-column-is-layout-flow\"><\/div>\n<\/div>\n","protected":false},"excerpt":{"rendered":"<p>D\u0130K\u0130MHANE Kendi b\u00fcnyemizde bulunan dikimhanemiz \u00fcretim plan\u0131na ve m\u00fc\u015fteri standartlar\u0131na uygun olarak \u00e7al\u0131\u015fmaktad\u0131r. Kalite anlay\u0131\u015f\u0131na sahip ekibimiz di\u011fer \u00fcretim birimleri ile koordineli \u00e7al\u0131\u015farak \u00fcr\u00fcnleri haz\u0131r hale getirmektedir. \u00dcretim esnas\u0131nda kullan\u0131lan makineler g\u00fcn\u00fcm\u00fcz teknolojisine uygundur. Ayr\u0131ca kalitenin \u00f6nc\u00fcl\u00fck etti\u011fi dikimhanemizde i\u015f\u00e7i g\u00fcvenli\u011fi de son d\u00fczeyde sa\u011flanmaktad\u0131r.<\/p>\n","protected":false},"author":2,"featured_media":0,"parent":0,"menu_order":0,"comment_status":"closed","ping_status":"closed","template":"","meta":{"site-sidebar-layout":"default","site-content-layout":"","ast-site-content-layout":"","site-content-style":"default","site-sidebar-style":"default","ast-global-header-display":"","ast-banner-title-visibility":"","ast-main-header-display":"","ast-hfb-above-header-display":"","ast-hfb-below-header-display":"","ast-hfb-mobile-header-display":"","site-post-title":"disabled","ast-breadcrumbs-content":"","ast-featured-img":"","footer-sml-layout":"","theme-transparent-header-meta":"","adv-header-id-meta":"","stick-header-meta":"","header-above-stick-meta":"","header-main-stick-meta":"","header-below-stick-meta":"","astra-migrate-meta-layouts":"","ast-page-background-enabled":"default","ast-page-background-meta":{"desktop":{"background-color":"var(--ast-global-color-4)","background-image":"","background-repeat":"repeat","background-position":"center center","background-size":"auto","background-attachment":"scroll","background-type":"","background-media":"","overlay-type":"","overlay-color":"","overlay-gradient":""},"tablet":{"background-color":"","background-image":"","background-repeat":"repeat","background-position":"center center","background-size":"auto","background-attachment":"scroll","background-type":"","background-media":"","overlay-type":"","overlay-color":"","overlay-gradient":""},"mobile":{"background-color":"","background-image":"","background-repeat":"repeat","background-position":"center center","background-size":"auto","background-attachment":"scroll","background-type":"","background-media":"","overlay-type":"","overlay-color":"","overlay-gradient":""}},"ast-content-background-meta":{"desktop":{"background-color":"var(--ast-global-color-5)","background-image":"","background-repeat":"repeat","background-position":"center center","background-size":"auto","background-attachment":"scroll","background-type":"","background-media":"","overlay-type":"","overlay-color":"","overlay-gradient":""},"tablet":{"background-color":"var(--ast-global-color-5)","background-image":"","background-repeat":"repeat","background-position":"center center","background-size":"auto","background-attachment":"scroll","background-type":"","background-media":"","overlay-type":"","overlay-color":"","overlay-gradient":""},"mobile":{"background-color":"var(--ast-global-color-5)","background-image":"","background-repeat":"repeat","background-position":"center center","background-size":"auto","background-attachment":"scroll","background-type":"","background-media":"","overlay-type":"","overlay-color":"","overlay-gradient":""}},"footnotes":""},"yoast_head":"<!-- This site is optimized with the Yoast SEO plugin v21.5 - https:\/\/yoast.com\/wordpress\/plugins\/seo\/ -->\r\n<title>D\u0130K\u0130M | INFO GLOBAL DYS<\/title>\r\n<meta name=\"robots\" content=\"index, follow, max-snippet:-1, max-image-preview:large, max-video-preview:-1\" \/>\r\n<link rel=\"canonical\" href=\"http:\/\/infoglobaldys.com.tr\/index.php\/dikim\/\" \/>\r\n<meta property=\"og:locale\" content=\"tr_TR\" \/>\r\n<meta property=\"og:type\" content=\"article\" \/>\r\n<meta property=\"og:title\" content=\"D\u0130K\u0130M | INFO GLOBAL DYS\" \/>\r\n<meta property=\"og:description\" content=\"D\u0130K\u0130MHANE Kendi b\u00fcnyemizde bulunan dikimhanemiz \u00fcretim plan\u0131na ve m\u00fc\u015fteri standartlar\u0131na uygun olarak \u00e7al\u0131\u015fmaktad\u0131r. Kalite anlay\u0131\u015f\u0131na sahip ekibimiz di\u011fer \u00fcretim birimleri ile koordineli \u00e7al\u0131\u015farak \u00fcr\u00fcnleri haz\u0131r hale getirmektedir. \u00dcretim esnas\u0131nda kullan\u0131lan makineler g\u00fcn\u00fcm\u00fcz teknolojisine uygundur. Ayr\u0131ca kalitenin \u00f6nc\u00fcl\u00fck etti\u011fi dikimhanemizde i\u015f\u00e7i g\u00fcvenli\u011fi de son d\u00fczeyde sa\u011flanmaktad\u0131r.\" \/>\r\n<meta property=\"og:url\" content=\"http:\/\/infoglobaldys.com.tr\/index.php\/dikim\/\" \/>\r\n<meta property=\"og:site_name\" content=\"INFO GLOBAL DYS\" \/>\r\n<meta property=\"article:modified_time\" content=\"2023-12-01T08:26:34+00:00\" \/>\r\n<meta property=\"og:image\" content=\"http:\/\/infoglobaldys.com.tr\/wp-content\/uploads\/2023\/12\/12-958x1024.jpg\" \/>\r\n<meta name=\"twitter:card\" content=\"summary_large_image\" \/>\r\n<meta name=\"twitter:label1\" content=\"Tahmini okuma s\u00fcresi\" \/>\n\t<meta name=\"twitter:data1\" content=\"1 dakika\" \/>\r\n<script type=\"application\/ld+json\" class=\"yoast-schema-graph\">{\"@context\":\"https:\/\/schema.org\",\"@graph\":[{\"@type\":\"WebPage\",\"@id\":\"http:\/\/infoglobaldys.com.tr\/index.php\/dikim\/\",\"url\":\"http:\/\/infoglobaldys.com.tr\/index.php\/dikim\/\",\"name\":\"D\u0130K\u0130M | INFO GLOBAL DYS\",\"isPartOf\":{\"@id\":\"http:\/\/infoglobaldys.com.tr\/#website\"},\"datePublished\":\"2023-11-17T08:23:14+00:00\",\"dateModified\":\"2023-12-01T08:26:34+00:00\",\"breadcrumb\":{\"@id\":\"http:\/\/infoglobaldys.com.tr\/index.php\/dikim\/#breadcrumb\"},\"inLanguage\":\"tr\",\"potentialAction\":[{\"@type\":\"ReadAction\",\"target\":[\"http:\/\/infoglobaldys.com.tr\/index.php\/dikim\/\"]}]},{\"@type\":\"BreadcrumbList\",\"@id\":\"http:\/\/infoglobaldys.com.tr\/index.php\/dikim\/#breadcrumb\",\"itemListElement\":[{\"@type\":\"ListItem\",\"position\":1,\"name\":\"Home\",\"item\":\"http:\/\/infoglobaldys.com.tr\/\"},{\"@type\":\"ListItem\",\"position\":2,\"name\":\"D\u0130K\u0130M\"}]},{\"@type\":\"WebSite\",\"@id\":\"http:\/\/infoglobaldys.com.tr\/#website\",\"url\":\"http:\/\/infoglobaldys.com.tr\/\",\"name\":\"INFO GLOBAL DYS\",\"description\":\"\",\"publisher\":{\"@id\":\"http:\/\/infoglobaldys.com.tr\/#organization\"},\"potentialAction\":[{\"@type\":\"SearchAction\",\"target\":{\"@type\":\"EntryPoint\",\"urlTemplate\":\"http:\/\/infoglobaldys.com.tr\/?s={search_term_string}\"},\"query-input\":\"required name=search_term_string\"}],\"inLanguage\":\"tr\"},{\"@type\":\"Organization\",\"@id\":\"http:\/\/infoglobaldys.com.tr\/#organization\",\"name\":\"INFO GLOBAL DYS\",\"url\":\"http:\/\/infoglobaldys.com.tr\/\",\"logo\":{\"@type\":\"ImageObject\",\"inLanguage\":\"tr\",\"@id\":\"http:\/\/infoglobaldys.com.tr\/#\/schema\/logo\/image\/\",\"url\":\"http:\/\/infoglobaldys.com.tr\/wp-content\/uploads\/2020\/05\/Ads\u0131z-1.png\",\"contentUrl\":\"http:\/\/infoglobaldys.com.tr\/wp-content\/uploads\/2020\/05\/Ads\u0131z-1.png\",\"width\":1667,\"height\":1179,\"caption\":\"INFO GLOBAL DYS\"},\"image\":{\"@id\":\"http:\/\/infoglobaldys.com.tr\/#\/schema\/logo\/image\/\"}}]}<\/script>\r\n<!-- \/ Yoast SEO plugin. -->","yoast_head_json":{"title":"D\u0130K\u0130M | INFO GLOBAL DYS","robots":{"index":"index","follow":"follow","max-snippet":"max-snippet:-1","max-image-preview":"max-image-preview:large","max-video-preview":"max-video-preview:-1"},"canonical":"http:\/\/infoglobaldys.com.tr\/index.php\/dikim\/","og_locale":"tr_TR","og_type":"article","og_title":"D\u0130K\u0130M | INFO GLOBAL DYS","og_description":"D\u0130K\u0130MHANE Kendi b\u00fcnyemizde bulunan dikimhanemiz \u00fcretim plan\u0131na ve m\u00fc\u015fteri standartlar\u0131na uygun olarak \u00e7al\u0131\u015fmaktad\u0131r. Kalite anlay\u0131\u015f\u0131na sahip ekibimiz di\u011fer \u00fcretim birimleri ile koordineli \u00e7al\u0131\u015farak \u00fcr\u00fcnleri haz\u0131r hale getirmektedir. \u00dcretim esnas\u0131nda kullan\u0131lan makineler g\u00fcn\u00fcm\u00fcz teknolojisine uygundur. Ayr\u0131ca kalitenin \u00f6nc\u00fcl\u00fck etti\u011fi dikimhanemizde i\u015f\u00e7i g\u00fcvenli\u011fi de son d\u00fczeyde sa\u011flanmaktad\u0131r.","og_url":"http:\/\/infoglobaldys.com.tr\/index.php\/dikim\/","og_site_name":"INFO GLOBAL DYS","article_modified_time":"2023-12-01T08:26:34+00:00","og_image":[{"url":"http:\/\/infoglobaldys.com.tr\/wp-content\/uploads\/2023\/12\/12-958x1024.jpg"}],"twitter_card":"summary_large_image","twitter_misc":{"Tahmini okuma s\u00fcresi":"1 dakika"},"schema":{"@context":"https:\/\/schema.org","@graph":[{"@type":"WebPage","@id":"http:\/\/infoglobaldys.com.tr\/index.php\/dikim\/","url":"http:\/\/infoglobaldys.com.tr\/index.php\/dikim\/","name":"D\u0130K\u0130M | INFO GLOBAL DYS","isPartOf":{"@id":"http:\/\/infoglobaldys.com.tr\/#website"},"datePublished":"2023-11-17T08:23:14+00:00","dateModified":"2023-12-01T08:26:34+00:00","breadcrumb":{"@id":"http:\/\/infoglobaldys.com.tr\/index.php\/dikim\/#breadcrumb"},"inLanguage":"tr","potentialAction":[{"@type":"ReadAction","target":["http:\/\/infoglobaldys.com.tr\/index.php\/dikim\/"]}]},{"@type":"BreadcrumbList","@id":"http:\/\/infoglobaldys.com.tr\/index.php\/dikim\/#breadcrumb","itemListElement":[{"@type":"ListItem","position":1,"name":"Home","item":"http:\/\/infoglobaldys.com.tr\/"},{"@type":"ListItem","position":2,"name":"D\u0130K\u0130M"}]},{"@type":"WebSite","@id":"http:\/\/infoglobaldys.com.tr\/#website","url":"http:\/\/infoglobaldys.com.tr\/","name":"INFO GLOBAL DYS","description":"","publisher":{"@id":"http:\/\/infoglobaldys.com.tr\/#organization"},"potentialAction":[{"@type":"SearchAction","target":{"@type":"EntryPoint","urlTemplate":"http:\/\/infoglobaldys.com.tr\/?s={search_term_string}"},"query-input":"required name=search_term_string"}],"inLanguage":"tr"},{"@type":"Organization","@id":"http:\/\/infoglobaldys.com.tr\/#organization","name":"INFO GLOBAL DYS","url":"http:\/\/infoglobaldys.com.tr\/","logo":{"@type":"ImageObject","inLanguage":"tr","@id":"http:\/\/infoglobaldys.com.tr\/#\/schema\/logo\/image\/","url":"http:\/\/infoglobaldys.com.tr\/wp-content\/uploads\/2020\/05\/Ads\u0131z-1.png","contentUrl":"http:\/\/infoglobaldys.com.tr\/wp-content\/uploads\/2020\/05\/Ads\u0131z-1.png","width":1667,"height":1179,"caption":"INFO GLOBAL DYS"},"image":{"@id":"http:\/\/infoglobaldys.com.tr\/#\/schema\/logo\/image\/"}}]}},"_links":{"self":[{"href":"http:\/\/infoglobaldys.com.tr\/index.php\/wp-json\/wp\/v2\/pages\/365"}],"collection":[{"href":"http:\/\/infoglobaldys.com.tr\/index.php\/wp-json\/wp\/v2\/pages"}],"about":[{"href":"http:\/\/infoglobaldys.com.tr\/index.php\/wp-json\/wp\/v2\/types\/page"}],"author":[{"embeddable":true,"href":"http:\/\/infoglobaldys.com.tr\/index.php\/wp-json\/wp\/v2\/users\/2"}],"replies":[{"embeddable":true,"href":"http:\/\/infoglobaldys.com.tr\/index.php\/wp-json\/wp\/v2\/comments?post=365"}],"version-history":[{"count":7,"href":"http:\/\/infoglobaldys.com.tr\/index.php\/wp-json\/wp\/v2\/pages\/365\/revisions"}],"predecessor-version":[{"id":598,"href":"http:\/\/infoglobaldys.com.tr\/index.php\/wp-json\/wp\/v2\/pages\/365\/revisions\/598"}],"wp:attachment":[{"href":"http:\/\/infoglobaldys.com.tr\/index.php\/wp-json\/wp\/v2\/media?parent=365"}],"curies":[{"name":"wp","href":"https:\/\/api.w.org\/{rel}","templated":true}]}}