{"id":363,"date":"2023-11-17T08:22:13","date_gmt":"2023-11-17T08:22:13","guid":{"rendered":"http:\/\/infoglobaldys.com.tr\/?page_id=363"},"modified":"2023-11-21T11:56:16","modified_gmt":"2023-11-21T11:56:16","slug":"kesim","status":"publish","type":"page","link":"http:\/\/infoglobaldys.com.tr\/index.php\/kesim\/","title":{"rendered":"KES\u0130M"},"content":{"rendered":"\n<h3 class=\"wp-block-heading has-text-align-center\">KES\u0130MHANE<\/h3>\n\n\n\n<h5 class=\"wp-block-heading\">%100&#8217;\u00fc b\u00fcnyemizde bulunan kesimhane b\u00f6l\u00fcm\u00fc; tam otomasyon sistemiyle, kalite kontrol\u00fc yap\u0131lm\u0131\u015f kuma\u015flar\u0131 sipari\u015f terminine uygun zamanlama ile keserek ula\u015ft\u0131r\u0131laca\u011f\u0131 b\u00f6l\u00fcme g\u00f6re haz\u0131rl\u0131\u011f\u0131n\u0131 yapmaktad\u0131r.<\/h5>\n\n\n\n<div class=\"wp-block-columns alignfull is-layout-flex wp-container-core-columns-layout-1 wp-block-columns-is-layout-flex\">\n<div class=\"wp-block-column is-layout-flow wp-block-column-is-layout-flow\"><\/div>\n\n\n\n<div class=\"wp-block-column is-layout-flow wp-block-column-is-layout-flow\">\n<figure class=\"wp-block-video\"><video controls src=\"http:\/\/infoglobaldys.com.tr\/wp-content\/uploads\/2023\/11\/IMG_3991-1.mov\"><\/video><\/figure>\n<\/div>\n\n\n\n<div class=\"wp-block-column is-layout-flow wp-block-column-is-layout-flow\"><\/div>\n<\/div>\n\n\n\n<div class=\"wp-block-columns alignfull is-layout-flex wp-container-core-columns-layout-2 wp-block-columns-is-layout-flex\">\n<div class=\"wp-block-column is-layout-flow wp-block-column-is-layout-flow\">\n<figure class=\"wp-block-image size-large\"><img loading=\"lazy\" decoding=\"async\" width=\"768\" height=\"1024\" src=\"http:\/\/infoglobaldys.com.tr\/wp-content\/uploads\/2023\/11\/df49b268-43b5-477e-bf9b-0bd0ec3411dc-768x1024.jpg\" alt=\"\" class=\"wp-image-508\" srcset=\"http:\/\/infoglobaldys.com.tr\/wp-content\/uploads\/2023\/11\/df49b268-43b5-477e-bf9b-0bd0ec3411dc-768x1024.jpg 768w, http:\/\/infoglobaldys.com.tr\/wp-content\/uploads\/2023\/11\/df49b268-43b5-477e-bf9b-0bd0ec3411dc-225x300.jpg 225w, http:\/\/infoglobaldys.com.tr\/wp-content\/uploads\/2023\/11\/df49b268-43b5-477e-bf9b-0bd0ec3411dc-1152x1536.jpg 1152w, http:\/\/infoglobaldys.com.tr\/wp-content\/uploads\/2023\/11\/df49b268-43b5-477e-bf9b-0bd0ec3411dc.jpg 1167w\" sizes=\"(max-width: 768px) 100vw, 768px\" \/><\/figure>\n<\/div>\n\n\n\n<div class=\"wp-block-column is-layout-flow wp-block-column-is-layout-flow\">\n<figure class=\"wp-block-image size-large\"><img loading=\"lazy\" decoding=\"async\" width=\"768\" height=\"1024\" src=\"http:\/\/infoglobaldys.com.tr\/wp-content\/uploads\/2023\/11\/PHOTO-2022-05-17-10-47-59-2-768x1024.jpg\" alt=\"\" class=\"wp-image-375\" srcset=\"http:\/\/infoglobaldys.com.tr\/wp-content\/uploads\/2023\/11\/PHOTO-2022-05-17-10-47-59-2-768x1024.jpg 768w, http:\/\/infoglobaldys.com.tr\/wp-content\/uploads\/2023\/11\/PHOTO-2022-05-17-10-47-59-2-225x300.jpg 225w, http:\/\/infoglobaldys.com.tr\/wp-content\/uploads\/2023\/11\/PHOTO-2022-05-17-10-47-59-2-1152x1536.jpg 1152w, http:\/\/infoglobaldys.com.tr\/wp-content\/uploads\/2023\/11\/PHOTO-2022-05-17-10-47-59-2.jpg 1200w\" sizes=\"(max-width: 768px) 100vw, 768px\" \/><\/figure>\n<\/div>\n\n\n\n<div class=\"wp-block-column is-layout-flow wp-block-column-is-layout-flow\">\n<figure class=\"wp-block-image size-large\"><img loading=\"lazy\" decoding=\"async\" width=\"768\" height=\"1024\" src=\"http:\/\/infoglobaldys.com.tr\/wp-content\/uploads\/2023\/11\/792fd4f7-808e-4823-add6-6cb2affaa98b-768x1024.jpg\" alt=\"\" class=\"wp-image-510\" srcset=\"http:\/\/infoglobaldys.com.tr\/wp-content\/uploads\/2023\/11\/792fd4f7-808e-4823-add6-6cb2affaa98b-768x1024.jpg 768w, http:\/\/infoglobaldys.com.tr\/wp-content\/uploads\/2023\/11\/792fd4f7-808e-4823-add6-6cb2affaa98b-225x300.jpg 225w, http:\/\/infoglobaldys.com.tr\/wp-content\/uploads\/2023\/11\/792fd4f7-808e-4823-add6-6cb2affaa98b-1152x1536.jpg 1152w, http:\/\/infoglobaldys.com.tr\/wp-content\/uploads\/2023\/11\/792fd4f7-808e-4823-add6-6cb2affaa98b.jpg 1536w\" sizes=\"(max-width: 768px) 100vw, 768px\" \/><\/figure>\n<\/div>\n<\/div>\n","protected":false},"excerpt":{"rendered":"<p>KES\u0130MHANE %100&#8217;\u00fc b\u00fcnyemizde bulunan kesimhane b\u00f6l\u00fcm\u00fc; tam otomasyon sistemiyle, kalite kontrol\u00fc yap\u0131lm\u0131\u015f kuma\u015flar\u0131 sipari\u015f terminine uygun zamanlama ile keserek ula\u015ft\u0131r\u0131laca\u011f\u0131 b\u00f6l\u00fcme g\u00f6re haz\u0131rl\u0131\u011f\u0131n\u0131 yapmaktad\u0131r.<\/p>\n","protected":false},"author":2,"featured_media":0,"parent":0,"menu_order":0,"comment_status":"closed","ping_status":"closed","template":"","meta":{"site-sidebar-layout":"default","site-content-layout":"","ast-site-content-layout":"","site-content-style":"default","site-sidebar-style":"default","ast-global-header-display":"","ast-banner-title-visibility":"","ast-main-header-display":"","ast-hfb-above-header-display":"","ast-hfb-below-header-display":"","ast-hfb-mobile-header-display":"","site-post-title":"disabled","ast-breadcrumbs-content":"","ast-featured-img":"","footer-sml-layout":"","theme-transparent-header-meta":"","adv-header-id-meta":"","stick-header-meta":"","header-above-stick-meta":"","header-main-stick-meta":"","header-below-stick-meta":"","astra-migrate-meta-layouts":"","ast-page-background-enabled":"default","ast-page-background-meta":{"desktop":{"background-color":"var(--ast-global-color-4)","background-image":"","background-repeat":"repeat","background-position":"center center","background-size":"auto","background-attachment":"scroll","background-type":"","background-media":"","overlay-type":"","overlay-color":"","overlay-gradient":""},"tablet":{"background-color":"","background-image":"","background-repeat":"repeat","background-position":"center center","background-size":"auto","background-attachment":"scroll","background-type":"","background-media":"","overlay-type":"","overlay-color":"","overlay-gradient":""},"mobile":{"background-color":"","background-image":"","background-repeat":"repeat","background-position":"center center","background-size":"auto","background-attachment":"scroll","background-type":"","background-media":"","overlay-type":"","overlay-color":"","overlay-gradient":""}},"ast-content-background-meta":{"desktop":{"background-color":"var(--ast-global-color-5)","background-image":"","background-repeat":"repeat","background-position":"center center","background-size":"auto","background-attachment":"scroll","background-type":"","background-media":"","overlay-type":"","overlay-color":"","overlay-gradient":""},"tablet":{"background-color":"var(--ast-global-color-5)","background-image":"","background-repeat":"repeat","background-position":"center center","background-size":"auto","background-attachment":"scroll","background-type":"","background-media":"","overlay-type":"","overlay-color":"","overlay-gradient":""},"mobile":{"background-color":"var(--ast-global-color-5)","background-image":"","background-repeat":"repeat","background-position":"center center","background-size":"auto","background-attachment":"scroll","background-type":"","background-media":"","overlay-type":"","overlay-color":"","overlay-gradient":""}},"footnotes":""},"yoast_head":"<!-- This site is optimized with the Yoast SEO plugin v21.5 - https:\/\/yoast.com\/wordpress\/plugins\/seo\/ -->\r\n<title>KES\u0130M | INFO GLOBAL DYS<\/title>\r\n<meta name=\"robots\" content=\"index, follow, max-snippet:-1, max-image-preview:large, max-video-preview:-1\" \/>\r\n<link rel=\"canonical\" href=\"http:\/\/infoglobaldys.com.tr\/index.php\/kesim\/\" \/>\r\n<meta property=\"og:locale\" content=\"tr_TR\" \/>\r\n<meta property=\"og:type\" content=\"article\" \/>\r\n<meta property=\"og:title\" content=\"KES\u0130M | INFO GLOBAL DYS\" \/>\r\n<meta property=\"og:description\" content=\"KES\u0130MHANE %100&#8217;\u00fc b\u00fcnyemizde bulunan kesimhane b\u00f6l\u00fcm\u00fc; tam otomasyon sistemiyle, kalite kontrol\u00fc yap\u0131lm\u0131\u015f kuma\u015flar\u0131 sipari\u015f terminine uygun zamanlama ile keserek ula\u015ft\u0131r\u0131laca\u011f\u0131 b\u00f6l\u00fcme g\u00f6re haz\u0131rl\u0131\u011f\u0131n\u0131 yapmaktad\u0131r.\" \/>\r\n<meta property=\"og:url\" content=\"http:\/\/infoglobaldys.com.tr\/index.php\/kesim\/\" \/>\r\n<meta property=\"og:site_name\" content=\"INFO GLOBAL DYS\" \/>\r\n<meta property=\"article:modified_time\" content=\"2023-11-21T11:56:16+00:00\" \/>\r\n<meta property=\"og:image\" content=\"http:\/\/infoglobaldys.com.tr\/wp-content\/uploads\/2023\/11\/df49b268-43b5-477e-bf9b-0bd0ec3411dc-768x1024.jpg\" \/>\r\n<meta name=\"twitter:card\" content=\"summary_large_image\" \/>\r\n<meta name=\"twitter:label1\" content=\"Tahmini okuma s\u00fcresi\" \/>\n\t<meta name=\"twitter:data1\" content=\"1 dakika\" \/>\r\n<script type=\"application\/ld+json\" class=\"yoast-schema-graph\">{\"@context\":\"https:\/\/schema.org\",\"@graph\":[{\"@type\":\"WebPage\",\"@id\":\"http:\/\/infoglobaldys.com.tr\/index.php\/kesim\/\",\"url\":\"http:\/\/infoglobaldys.com.tr\/index.php\/kesim\/\",\"name\":\"KES\u0130M | INFO GLOBAL DYS\",\"isPartOf\":{\"@id\":\"http:\/\/infoglobaldys.com.tr\/#website\"},\"datePublished\":\"2023-11-17T08:22:13+00:00\",\"dateModified\":\"2023-11-21T11:56:16+00:00\",\"breadcrumb\":{\"@id\":\"http:\/\/infoglobaldys.com.tr\/index.php\/kesim\/#breadcrumb\"},\"inLanguage\":\"tr\",\"potentialAction\":[{\"@type\":\"ReadAction\",\"target\":[\"http:\/\/infoglobaldys.com.tr\/index.php\/kesim\/\"]}]},{\"@type\":\"BreadcrumbList\",\"@id\":\"http:\/\/infoglobaldys.com.tr\/index.php\/kesim\/#breadcrumb\",\"itemListElement\":[{\"@type\":\"ListItem\",\"position\":1,\"name\":\"Home\",\"item\":\"http:\/\/infoglobaldys.com.tr\/\"},{\"@type\":\"ListItem\",\"position\":2,\"name\":\"KES\u0130M\"}]},{\"@type\":\"WebSite\",\"@id\":\"http:\/\/infoglobaldys.com.tr\/#website\",\"url\":\"http:\/\/infoglobaldys.com.tr\/\",\"name\":\"INFO GLOBAL DYS\",\"description\":\"\",\"publisher\":{\"@id\":\"http:\/\/infoglobaldys.com.tr\/#organization\"},\"potentialAction\":[{\"@type\":\"SearchAction\",\"target\":{\"@type\":\"EntryPoint\",\"urlTemplate\":\"http:\/\/infoglobaldys.com.tr\/?s={search_term_string}\"},\"query-input\":\"required name=search_term_string\"}],\"inLanguage\":\"tr\"},{\"@type\":\"Organization\",\"@id\":\"http:\/\/infoglobaldys.com.tr\/#organization\",\"name\":\"INFO GLOBAL DYS\",\"url\":\"http:\/\/infoglobaldys.com.tr\/\",\"logo\":{\"@type\":\"ImageObject\",\"inLanguage\":\"tr\",\"@id\":\"http:\/\/infoglobaldys.com.tr\/#\/schema\/logo\/image\/\",\"url\":\"http:\/\/infoglobaldys.com.tr\/wp-content\/uploads\/2020\/05\/Ads\u0131z-1.png\",\"contentUrl\":\"http:\/\/infoglobaldys.com.tr\/wp-content\/uploads\/2020\/05\/Ads\u0131z-1.png\",\"width\":1667,\"height\":1179,\"caption\":\"INFO GLOBAL DYS\"},\"image\":{\"@id\":\"http:\/\/infoglobaldys.com.tr\/#\/schema\/logo\/image\/\"}}]}<\/script>\r\n<!-- \/ Yoast SEO plugin. -->","yoast_head_json":{"title":"KES\u0130M | INFO GLOBAL DYS","robots":{"index":"index","follow":"follow","max-snippet":"max-snippet:-1","max-image-preview":"max-image-preview:large","max-video-preview":"max-video-preview:-1"},"canonical":"http:\/\/infoglobaldys.com.tr\/index.php\/kesim\/","og_locale":"tr_TR","og_type":"article","og_title":"KES\u0130M | INFO GLOBAL DYS","og_description":"KES\u0130MHANE %100&#8217;\u00fc b\u00fcnyemizde bulunan kesimhane b\u00f6l\u00fcm\u00fc; tam otomasyon sistemiyle, kalite kontrol\u00fc yap\u0131lm\u0131\u015f kuma\u015flar\u0131 sipari\u015f terminine uygun zamanlama ile keserek ula\u015ft\u0131r\u0131laca\u011f\u0131 b\u00f6l\u00fcme g\u00f6re haz\u0131rl\u0131\u011f\u0131n\u0131 yapmaktad\u0131r.","og_url":"http:\/\/infoglobaldys.com.tr\/index.php\/kesim\/","og_site_name":"INFO GLOBAL DYS","article_modified_time":"2023-11-21T11:56:16+00:00","og_image":[{"url":"http:\/\/infoglobaldys.com.tr\/wp-content\/uploads\/2023\/11\/df49b268-43b5-477e-bf9b-0bd0ec3411dc-768x1024.jpg"}],"twitter_card":"summary_large_image","twitter_misc":{"Tahmini okuma s\u00fcresi":"1 dakika"},"schema":{"@context":"https:\/\/schema.org","@graph":[{"@type":"WebPage","@id":"http:\/\/infoglobaldys.com.tr\/index.php\/kesim\/","url":"http:\/\/infoglobaldys.com.tr\/index.php\/kesim\/","name":"KES\u0130M | INFO GLOBAL DYS","isPartOf":{"@id":"http:\/\/infoglobaldys.com.tr\/#website"},"datePublished":"2023-11-17T08:22:13+00:00","dateModified":"2023-11-21T11:56:16+00:00","breadcrumb":{"@id":"http:\/\/infoglobaldys.com.tr\/index.php\/kesim\/#breadcrumb"},"inLanguage":"tr","potentialAction":[{"@type":"ReadAction","target":["http:\/\/infoglobaldys.com.tr\/index.php\/kesim\/"]}]},{"@type":"BreadcrumbList","@id":"http:\/\/infoglobaldys.com.tr\/index.php\/kesim\/#breadcrumb","itemListElement":[{"@type":"ListItem","position":1,"name":"Home","item":"http:\/\/infoglobaldys.com.tr\/"},{"@type":"ListItem","position":2,"name":"KES\u0130M"}]},{"@type":"WebSite","@id":"http:\/\/infoglobaldys.com.tr\/#website","url":"http:\/\/infoglobaldys.com.tr\/","name":"INFO GLOBAL DYS","description":"","publisher":{"@id":"http:\/\/infoglobaldys.com.tr\/#organization"},"potentialAction":[{"@type":"SearchAction","target":{"@type":"EntryPoint","urlTemplate":"http:\/\/infoglobaldys.com.tr\/?s={search_term_string}"},"query-input":"required name=search_term_string"}],"inLanguage":"tr"},{"@type":"Organization","@id":"http:\/\/infoglobaldys.com.tr\/#organization","name":"INFO GLOBAL DYS","url":"http:\/\/infoglobaldys.com.tr\/","logo":{"@type":"ImageObject","inLanguage":"tr","@id":"http:\/\/infoglobaldys.com.tr\/#\/schema\/logo\/image\/","url":"http:\/\/infoglobaldys.com.tr\/wp-content\/uploads\/2020\/05\/Ads\u0131z-1.png","contentUrl":"http:\/\/infoglobaldys.com.tr\/wp-content\/uploads\/2020\/05\/Ads\u0131z-1.png","width":1667,"height":1179,"caption":"INFO GLOBAL DYS"},"image":{"@id":"http:\/\/infoglobaldys.com.tr\/#\/schema\/logo\/image\/"}}]}},"_links":{"self":[{"href":"http:\/\/infoglobaldys.com.tr\/index.php\/wp-json\/wp\/v2\/pages\/363"}],"collection":[{"href":"http:\/\/infoglobaldys.com.tr\/index.php\/wp-json\/wp\/v2\/pages"}],"about":[{"href":"http:\/\/infoglobaldys.com.tr\/index.php\/wp-json\/wp\/v2\/types\/page"}],"author":[{"embeddable":true,"href":"http:\/\/infoglobaldys.com.tr\/index.php\/wp-json\/wp\/v2\/users\/2"}],"replies":[{"embeddable":true,"href":"http:\/\/infoglobaldys.com.tr\/index.php\/wp-json\/wp\/v2\/comments?post=363"}],"version-history":[{"count":8,"href":"http:\/\/infoglobaldys.com.tr\/index.php\/wp-json\/wp\/v2\/pages\/363\/revisions"}],"predecessor-version":[{"id":519,"href":"http:\/\/infoglobaldys.com.tr\/index.php\/wp-json\/wp\/v2\/pages\/363\/revisions\/519"}],"wp:attachment":[{"href":"http:\/\/infoglobaldys.com.tr\/index.php\/wp-json\/wp\/v2\/media?parent=363"}],"curies":[{"name":"wp","href":"https:\/\/api.w.org\/{rel}","templated":true}]}}