{"id":359,"date":"2023-11-17T08:20:09","date_gmt":"2023-11-17T08:20:09","guid":{"rendered":"http:\/\/infoglobaldys.com.tr\/?page_id=359"},"modified":"2023-11-21T09:33:14","modified_gmt":"2023-11-21T09:33:14","slug":"pazarlama","status":"publish","type":"page","link":"http:\/\/infoglobaldys.com.tr\/index.php\/pazarlama\/","title":{"rendered":"PAZARLAMA"},"content":{"rendered":"\n<h3 class=\"wp-block-heading has-text-align-center\">PAZARLAMA<\/h3>\n\n\n\n<h5 class=\"wp-block-heading\">Pazarlama ve M\u00fc\u015fteri \u0130li\u015fkileri departman\u0131 firman\u0131n y\u00fcz\u00fc olarak kabul edilmektedir. \u00d6ncelikleri hedef kitlelerine kimli\u011fimizi ve misyonumuzu aktarmak, \u00fcretici kimli\u011fimizi do\u011fru yans\u0131tmakt\u0131r. \u0130leti\u015fimin her a\u015famas\u0131n\u0131 \u00e7\u00f6z\u00fcm odakl\u0131 ve g\u00fczel ba\u011flar \u00fczerine kurmalar\u0131 olduk\u00e7a de\u011ferlidir. Marka \u2013 firmam\u0131z ve ekip aras\u0131ndaki ili\u015fkiyi ve t\u00fcm s\u00fcreci dengeli bir \u015fekilde, s\u00fcrd\u00fcr\u00fclebilirlik odakl\u0131 y\u00fcr\u00fctmektedirler.<\/h5>\n\n\n\n<h5 class=\"wp-block-heading\">Biz partnerlerimizle bir sezon \u00e7al\u0131\u015fma \u00f6tesinde i\u015f birlikteli\u011fimizi uzun y\u0131llara ta\u015f\u0131ma amac\u0131yla varl\u0131\u011f\u0131m\u0131z\u0131 s\u00fcrd\u00fcr\u00fcyoruz. Bu do\u011frultuda da markalar\u0131m\u0131z\u0131n koleksiyon ve \u00fcretim aya\u011f\u0131 olarak itibarlar\u0131n\u0131 g\u00f6zetir, heyecanla b\u00fct\u00fcn a\u015famalar\u0131 tamamlar\u0131z.<\/h5>\n\n\n\n<h5 class=\"wp-block-heading\">Kalite, zamanlama ve s\u00fcrd\u00fcr\u00fclebilirlik departman\u0131m\u0131z\u0131n yap\u0131 ta\u015flar\u0131d\u0131r; \u00fcr\u00fcnlerimizi verimli bir \u015fekilde \u00fcretir, partnerlerimize do\u011fru \u00fcr\u00fcnle do\u011fru zamanda gitmeye \u00f6zen g\u00f6steririz.<\/h5>\n\n\n\n<h5 class=\"wp-block-heading\">K\u0131sa vadede do\u011fru hizmet, uzun vadede marka sadakati ve sevgisi olu\u015fturmak ba\u015far\u0131 s\u0131rr\u0131m\u0131zd\u0131r.<\/h5>\n\n\n\n<div class=\"wp-block-columns alignfull is-layout-flex wp-container-core-columns-layout-1 wp-block-columns-is-layout-flex\">\n<div class=\"wp-block-column is-layout-flow wp-block-column-is-layout-flow\">\n<figure class=\"wp-block-image size-full\"><img loading=\"lazy\" decoding=\"async\" width=\"768\" height=\"1024\" src=\"http:\/\/infoglobaldys.com.tr\/wp-content\/uploads\/2023\/11\/3be0ac6b-28b4-4c9d-9a6e-e6c037c83c05.jpg\" alt=\"\" class=\"wp-image-495\" srcset=\"http:\/\/infoglobaldys.com.tr\/wp-content\/uploads\/2023\/11\/3be0ac6b-28b4-4c9d-9a6e-e6c037c83c05.jpg 768w, http:\/\/infoglobaldys.com.tr\/wp-content\/uploads\/2023\/11\/3be0ac6b-28b4-4c9d-9a6e-e6c037c83c05-225x300.jpg 225w\" sizes=\"(max-width: 768px) 100vw, 768px\" \/><\/figure>\n<\/div>\n\n\n\n<div class=\"wp-block-column is-layout-flow wp-block-column-is-layout-flow\"><\/div>\n\n\n\n<div class=\"wp-block-column is-layout-flow wp-block-column-is-layout-flow\">\n<figure class=\"wp-block-image size-full\"><img loading=\"lazy\" decoding=\"async\" width=\"701\" height=\"935\" src=\"http:\/\/infoglobaldys.com.tr\/wp-content\/uploads\/2023\/11\/72b402d9-40d0-47d4-917b-608665fa7e1c.jpg\" alt=\"\" class=\"wp-image-496\" srcset=\"http:\/\/infoglobaldys.com.tr\/wp-content\/uploads\/2023\/11\/72b402d9-40d0-47d4-917b-608665fa7e1c.jpg 701w, http:\/\/infoglobaldys.com.tr\/wp-content\/uploads\/2023\/11\/72b402d9-40d0-47d4-917b-608665fa7e1c-225x300.jpg 225w\" sizes=\"(max-width: 701px) 100vw, 701px\" \/><\/figure>\n<\/div>\n<\/div>\n","protected":false},"excerpt":{"rendered":"<p>PAZARLAMA Pazarlama ve M\u00fc\u015fteri \u0130li\u015fkileri departman\u0131 firman\u0131n y\u00fcz\u00fc olarak kabul edilmektedir. \u00d6ncelikleri hedef kitlelerine kimli\u011fimizi ve misyonumuzu aktarmak, \u00fcretici kimli\u011fimizi do\u011fru yans\u0131tmakt\u0131r. \u0130leti\u015fimin her a\u015famas\u0131n\u0131 \u00e7\u00f6z\u00fcm odakl\u0131 ve g\u00fczel ba\u011flar \u00fczerine kurmalar\u0131 olduk\u00e7a de\u011ferlidir. Marka \u2013 firmam\u0131z ve ekip aras\u0131ndaki ili\u015fkiyi ve t\u00fcm s\u00fcreci dengeli bir \u015fekilde, s\u00fcrd\u00fcr\u00fclebilirlik odakl\u0131 y\u00fcr\u00fctmektedirler. Biz partnerlerimizle bir sezon \u00e7al\u0131\u015fma &hellip;<\/p>\n<p class=\"read-more\"> <a class=\"\" href=\"http:\/\/infoglobaldys.com.tr\/index.php\/pazarlama\/\"> <span class=\"screen-reader-text\">PAZARLAMA<\/span> Devam\u0131 &raquo;<\/a><\/p>\n","protected":false},"author":2,"featured_media":0,"parent":0,"menu_order":0,"comment_status":"closed","ping_status":"closed","template":"","meta":{"site-sidebar-layout":"default","site-content-layout":"","ast-site-content-layout":"","site-content-style":"default","site-sidebar-style":"default","ast-global-header-display":"","ast-banner-title-visibility":"","ast-main-header-display":"","ast-hfb-above-header-display":"","ast-hfb-below-header-display":"","ast-hfb-mobile-header-display":"","site-post-title":"disabled","ast-breadcrumbs-content":"","ast-featured-img":"","footer-sml-layout":"","theme-transparent-header-meta":"","adv-header-id-meta":"","stick-header-meta":"","header-above-stick-meta":"","header-main-stick-meta":"","header-below-stick-meta":"","astra-migrate-meta-layouts":"","ast-page-background-enabled":"default","ast-page-background-meta":{"desktop":{"background-color":"var(--ast-global-color-4)","background-image":"","background-repeat":"repeat","background-position":"center center","background-size":"auto","background-attachment":"scroll","background-type":"","background-media":"","overlay-type":"","overlay-color":"","overlay-gradient":""},"tablet":{"background-color":"","background-image":"","background-repeat":"repeat","background-position":"center center","background-size":"auto","background-attachment":"scroll","background-type":"","background-media":"","overlay-type":"","overlay-color":"","overlay-gradient":""},"mobile":{"background-color":"","background-image":"","background-repeat":"repeat","background-position":"center center","background-size":"auto","background-attachment":"scroll","background-type":"","background-media":"","overlay-type":"","overlay-color":"","overlay-gradient":""}},"ast-content-background-meta":{"desktop":{"background-color":"var(--ast-global-color-5)","background-image":"","background-repeat":"repeat","background-position":"center center","background-size":"auto","background-attachment":"scroll","background-type":"","background-media":"","overlay-type":"","overlay-color":"","overlay-gradient":""},"tablet":{"background-color":"var(--ast-global-color-5)","background-image":"","background-repeat":"repeat","background-position":"center center","background-size":"auto","background-attachment":"scroll","background-type":"","background-media":"","overlay-type":"","overlay-color":"","overlay-gradient":""},"mobile":{"background-color":"var(--ast-global-color-5)","background-image":"","background-repeat":"repeat","background-position":"center center","background-size":"auto","background-attachment":"scroll","background-type":"","background-media":"","overlay-type":"","overlay-color":"","overlay-gradient":""}},"footnotes":""},"yoast_head":"<!-- This site is optimized with the Yoast SEO plugin v21.5 - https:\/\/yoast.com\/wordpress\/plugins\/seo\/ -->\r\n<title>PAZARLAMA | INFO GLOBAL DYS<\/title>\r\n<meta name=\"robots\" content=\"index, follow, max-snippet:-1, max-image-preview:large, max-video-preview:-1\" \/>\r\n<link rel=\"canonical\" href=\"http:\/\/infoglobaldys.com.tr\/index.php\/pazarlama\/\" \/>\r\n<meta property=\"og:locale\" content=\"tr_TR\" \/>\r\n<meta property=\"og:type\" content=\"article\" \/>\r\n<meta property=\"og:title\" content=\"PAZARLAMA | INFO GLOBAL DYS\" \/>\r\n<meta property=\"og:description\" content=\"PAZARLAMA Pazarlama ve M\u00fc\u015fteri \u0130li\u015fkileri departman\u0131 firman\u0131n y\u00fcz\u00fc olarak kabul edilmektedir. \u00d6ncelikleri hedef kitlelerine kimli\u011fimizi ve misyonumuzu aktarmak, \u00fcretici kimli\u011fimizi do\u011fru yans\u0131tmakt\u0131r. \u0130leti\u015fimin her a\u015famas\u0131n\u0131 \u00e7\u00f6z\u00fcm odakl\u0131 ve g\u00fczel ba\u011flar \u00fczerine kurmalar\u0131 olduk\u00e7a de\u011ferlidir. Marka \u2013 firmam\u0131z ve ekip aras\u0131ndaki ili\u015fkiyi ve t\u00fcm s\u00fcreci dengeli bir \u015fekilde, s\u00fcrd\u00fcr\u00fclebilirlik odakl\u0131 y\u00fcr\u00fctmektedirler. Biz partnerlerimizle bir sezon \u00e7al\u0131\u015fma &hellip; PAZARLAMA Devam\u0131 &raquo;\" \/>\r\n<meta property=\"og:url\" content=\"http:\/\/infoglobaldys.com.tr\/index.php\/pazarlama\/\" \/>\r\n<meta property=\"og:site_name\" content=\"INFO GLOBAL DYS\" \/>\r\n<meta property=\"article:modified_time\" content=\"2023-11-21T09:33:14+00:00\" \/>\r\n<meta property=\"og:image\" content=\"http:\/\/infoglobaldys.com.tr\/wp-content\/uploads\/2023\/11\/3be0ac6b-28b4-4c9d-9a6e-e6c037c83c05.jpg\" \/>\r\n<meta name=\"twitter:card\" content=\"summary_large_image\" \/>\r\n<meta name=\"twitter:label1\" content=\"Tahmini okuma s\u00fcresi\" \/>\n\t<meta name=\"twitter:data1\" content=\"2 dakika\" \/>\r\n<script type=\"application\/ld+json\" class=\"yoast-schema-graph\">{\"@context\":\"https:\/\/schema.org\",\"@graph\":[{\"@type\":\"WebPage\",\"@id\":\"http:\/\/infoglobaldys.com.tr\/index.php\/pazarlama\/\",\"url\":\"http:\/\/infoglobaldys.com.tr\/index.php\/pazarlama\/\",\"name\":\"PAZARLAMA | INFO GLOBAL DYS\",\"isPartOf\":{\"@id\":\"http:\/\/infoglobaldys.com.tr\/#website\"},\"datePublished\":\"2023-11-17T08:20:09+00:00\",\"dateModified\":\"2023-11-21T09:33:14+00:00\",\"breadcrumb\":{\"@id\":\"http:\/\/infoglobaldys.com.tr\/index.php\/pazarlama\/#breadcrumb\"},\"inLanguage\":\"tr\",\"potentialAction\":[{\"@type\":\"ReadAction\",\"target\":[\"http:\/\/infoglobaldys.com.tr\/index.php\/pazarlama\/\"]}]},{\"@type\":\"BreadcrumbList\",\"@id\":\"http:\/\/infoglobaldys.com.tr\/index.php\/pazarlama\/#breadcrumb\",\"itemListElement\":[{\"@type\":\"ListItem\",\"position\":1,\"name\":\"Home\",\"item\":\"http:\/\/infoglobaldys.com.tr\/\"},{\"@type\":\"ListItem\",\"position\":2,\"name\":\"PAZARLAMA\"}]},{\"@type\":\"WebSite\",\"@id\":\"http:\/\/infoglobaldys.com.tr\/#website\",\"url\":\"http:\/\/infoglobaldys.com.tr\/\",\"name\":\"INFO GLOBAL DYS\",\"description\":\"\",\"publisher\":{\"@id\":\"http:\/\/infoglobaldys.com.tr\/#organization\"},\"potentialAction\":[{\"@type\":\"SearchAction\",\"target\":{\"@type\":\"EntryPoint\",\"urlTemplate\":\"http:\/\/infoglobaldys.com.tr\/?s={search_term_string}\"},\"query-input\":\"required name=search_term_string\"}],\"inLanguage\":\"tr\"},{\"@type\":\"Organization\",\"@id\":\"http:\/\/infoglobaldys.com.tr\/#organization\",\"name\":\"INFO GLOBAL DYS\",\"url\":\"http:\/\/infoglobaldys.com.tr\/\",\"logo\":{\"@type\":\"ImageObject\",\"inLanguage\":\"tr\",\"@id\":\"http:\/\/infoglobaldys.com.tr\/#\/schema\/logo\/image\/\",\"url\":\"http:\/\/infoglobaldys.com.tr\/wp-content\/uploads\/2020\/05\/Ads\u0131z-1.png\",\"contentUrl\":\"http:\/\/infoglobaldys.com.tr\/wp-content\/uploads\/2020\/05\/Ads\u0131z-1.png\",\"width\":1667,\"height\":1179,\"caption\":\"INFO GLOBAL DYS\"},\"image\":{\"@id\":\"http:\/\/infoglobaldys.com.tr\/#\/schema\/logo\/image\/\"}}]}<\/script>\r\n<!-- \/ Yoast SEO plugin. -->","yoast_head_json":{"title":"PAZARLAMA | INFO GLOBAL DYS","robots":{"index":"index","follow":"follow","max-snippet":"max-snippet:-1","max-image-preview":"max-image-preview:large","max-video-preview":"max-video-preview:-1"},"canonical":"http:\/\/infoglobaldys.com.tr\/index.php\/pazarlama\/","og_locale":"tr_TR","og_type":"article","og_title":"PAZARLAMA | INFO GLOBAL DYS","og_description":"PAZARLAMA Pazarlama ve M\u00fc\u015fteri \u0130li\u015fkileri departman\u0131 firman\u0131n y\u00fcz\u00fc olarak kabul edilmektedir. \u00d6ncelikleri hedef kitlelerine kimli\u011fimizi ve misyonumuzu aktarmak, \u00fcretici kimli\u011fimizi do\u011fru yans\u0131tmakt\u0131r. \u0130leti\u015fimin her a\u015famas\u0131n\u0131 \u00e7\u00f6z\u00fcm odakl\u0131 ve g\u00fczel ba\u011flar \u00fczerine kurmalar\u0131 olduk\u00e7a de\u011ferlidir. Marka \u2013 firmam\u0131z ve ekip aras\u0131ndaki ili\u015fkiyi ve t\u00fcm s\u00fcreci dengeli bir \u015fekilde, s\u00fcrd\u00fcr\u00fclebilirlik odakl\u0131 y\u00fcr\u00fctmektedirler. Biz partnerlerimizle bir sezon \u00e7al\u0131\u015fma &hellip; PAZARLAMA Devam\u0131 &raquo;","og_url":"http:\/\/infoglobaldys.com.tr\/index.php\/pazarlama\/","og_site_name":"INFO GLOBAL DYS","article_modified_time":"2023-11-21T09:33:14+00:00","og_image":[{"url":"http:\/\/infoglobaldys.com.tr\/wp-content\/uploads\/2023\/11\/3be0ac6b-28b4-4c9d-9a6e-e6c037c83c05.jpg"}],"twitter_card":"summary_large_image","twitter_misc":{"Tahmini okuma s\u00fcresi":"2 dakika"},"schema":{"@context":"https:\/\/schema.org","@graph":[{"@type":"WebPage","@id":"http:\/\/infoglobaldys.com.tr\/index.php\/pazarlama\/","url":"http:\/\/infoglobaldys.com.tr\/index.php\/pazarlama\/","name":"PAZARLAMA | INFO GLOBAL DYS","isPartOf":{"@id":"http:\/\/infoglobaldys.com.tr\/#website"},"datePublished":"2023-11-17T08:20:09+00:00","dateModified":"2023-11-21T09:33:14+00:00","breadcrumb":{"@id":"http:\/\/infoglobaldys.com.tr\/index.php\/pazarlama\/#breadcrumb"},"inLanguage":"tr","potentialAction":[{"@type":"ReadAction","target":["http:\/\/infoglobaldys.com.tr\/index.php\/pazarlama\/"]}]},{"@type":"BreadcrumbList","@id":"http:\/\/infoglobaldys.com.tr\/index.php\/pazarlama\/#breadcrumb","itemListElement":[{"@type":"ListItem","position":1,"name":"Home","item":"http:\/\/infoglobaldys.com.tr\/"},{"@type":"ListItem","position":2,"name":"PAZARLAMA"}]},{"@type":"WebSite","@id":"http:\/\/infoglobaldys.com.tr\/#website","url":"http:\/\/infoglobaldys.com.tr\/","name":"INFO GLOBAL DYS","description":"","publisher":{"@id":"http:\/\/infoglobaldys.com.tr\/#organization"},"potentialAction":[{"@type":"SearchAction","target":{"@type":"EntryPoint","urlTemplate":"http:\/\/infoglobaldys.com.tr\/?s={search_term_string}"},"query-input":"required name=search_term_string"}],"inLanguage":"tr"},{"@type":"Organization","@id":"http:\/\/infoglobaldys.com.tr\/#organization","name":"INFO GLOBAL DYS","url":"http:\/\/infoglobaldys.com.tr\/","logo":{"@type":"ImageObject","inLanguage":"tr","@id":"http:\/\/infoglobaldys.com.tr\/#\/schema\/logo\/image\/","url":"http:\/\/infoglobaldys.com.tr\/wp-content\/uploads\/2020\/05\/Ads\u0131z-1.png","contentUrl":"http:\/\/infoglobaldys.com.tr\/wp-content\/uploads\/2020\/05\/Ads\u0131z-1.png","width":1667,"height":1179,"caption":"INFO GLOBAL DYS"},"image":{"@id":"http:\/\/infoglobaldys.com.tr\/#\/schema\/logo\/image\/"}}]}},"_links":{"self":[{"href":"http:\/\/infoglobaldys.com.tr\/index.php\/wp-json\/wp\/v2\/pages\/359"}],"collection":[{"href":"http:\/\/infoglobaldys.com.tr\/index.php\/wp-json\/wp\/v2\/pages"}],"about":[{"href":"http:\/\/infoglobaldys.com.tr\/index.php\/wp-json\/wp\/v2\/types\/page"}],"author":[{"embeddable":true,"href":"http:\/\/infoglobaldys.com.tr\/index.php\/wp-json\/wp\/v2\/users\/2"}],"replies":[{"embeddable":true,"href":"http:\/\/infoglobaldys.com.tr\/index.php\/wp-json\/wp\/v2\/comments?post=359"}],"version-history":[{"count":4,"href":"http:\/\/infoglobaldys.com.tr\/index.php\/wp-json\/wp\/v2\/pages\/359\/revisions"}],"predecessor-version":[{"id":498,"href":"http:\/\/infoglobaldys.com.tr\/index.php\/wp-json\/wp\/v2\/pages\/359\/revisions\/498"}],"wp:attachment":[{"href":"http:\/\/infoglobaldys.com.tr\/index.php\/wp-json\/wp\/v2\/media?parent=359"}],"curies":[{"name":"wp","href":"https:\/\/api.w.org\/{rel}","templated":true}]}}