{"id":356,"date":"2023-11-17T08:18:16","date_gmt":"2023-11-17T08:18:16","guid":{"rendered":"http:\/\/infoglobaldys.com.tr\/?page_id=356"},"modified":"2023-11-21T06:11:44","modified_gmt":"2023-11-21T06:11:44","slug":"modelhane","status":"publish","type":"page","link":"http:\/\/infoglobaldys.com.tr\/index.php\/modelhane\/","title":{"rendered":"MODELHANE"},"content":{"rendered":"\n<h3 class=\"wp-block-heading has-text-align-center\">MODELHANE<\/h3>\n\n\n\n<h5 class=\"wp-block-heading\">Etkin ve kapsaml\u0131 kadromuz kad\u0131n, erkek, \u00e7ocuk olacak \u015fekilde dokuma ve \u00f6rme t\u00fcm modellerin kal\u0131b\u0131n\u0131 en profesyonel \u015fekilde \u00e7\u0131karmaktad\u0131r. Yap\u0131lan t\u00fcm kal\u0131plar 3D program\u0131na aktar\u0131larak genel fiti kontrol edildikten ve onayland\u0131ktan sonra kesime al\u0131nmaktad\u0131r. 3D program\u0131 sayesinde \u00fcr\u00fcn kesilmeden gerekli kritikler avatar \u00fczerinde g\u00f6r\u00fclerek kuma\u015f, i\u015f g\u00fcc\u00fc ve zamandan tasarruf edilerek s\u00fcrd\u00fcr\u00fclebilirli\u011fi y\u00fcksek d\u00fczeyde desteklemektedir. Modelhane ekibimiz \u00fcretime girmeden hemen \u00f6nce t\u00fcm kuma\u015f de\u011ferlerinin ve genel fitin okeyini alarak kesim okeyi vermektedir.<\/h5>\n\n\n\n<div class=\"wp-block-columns alignfull is-layout-flex wp-container-core-columns-layout-1 wp-block-columns-is-layout-flex\">\n<div class=\"wp-block-column is-layout-flow wp-block-column-is-layout-flow\">\n<figure class=\"wp-block-image size-large\"><img loading=\"lazy\" decoding=\"async\" width=\"768\" height=\"1024\" src=\"http:\/\/infoglobaldys.com.tr\/wp-content\/uploads\/2023\/11\/modelhane-768x1024.jpeg\" alt=\"\" class=\"wp-image-384\" srcset=\"http:\/\/infoglobaldys.com.tr\/wp-content\/uploads\/2023\/11\/modelhane-768x1024.jpeg 768w, http:\/\/infoglobaldys.com.tr\/wp-content\/uploads\/2023\/11\/modelhane-225x300.jpeg 225w, http:\/\/infoglobaldys.com.tr\/wp-content\/uploads\/2023\/11\/modelhane-1152x1536.jpeg 1152w, http:\/\/infoglobaldys.com.tr\/wp-content\/uploads\/2023\/11\/modelhane-1536x2048.jpeg 1536w, http:\/\/infoglobaldys.com.tr\/wp-content\/uploads\/2023\/11\/modelhane-scaled.jpeg 1920w\" sizes=\"(max-width: 768px) 100vw, 768px\" \/><\/figure>\n<\/div>\n\n\n\n<div class=\"wp-block-column is-layout-flow wp-block-column-is-layout-flow\">\n<figure class=\"wp-block-image size-full\"><img loading=\"lazy\" decoding=\"async\" width=\"768\" height=\"1024\" src=\"http:\/\/infoglobaldys.com.tr\/wp-content\/uploads\/2023\/11\/plotter.jpg\" alt=\"\" class=\"wp-image-448\" srcset=\"http:\/\/infoglobaldys.com.tr\/wp-content\/uploads\/2023\/11\/plotter.jpg 768w, http:\/\/infoglobaldys.com.tr\/wp-content\/uploads\/2023\/11\/plotter-225x300.jpg 225w\" sizes=\"(max-width: 768px) 100vw, 768px\" \/><\/figure>\n<\/div>\n\n\n\n<div class=\"wp-block-column is-layout-flow wp-block-column-is-layout-flow\">\n<figure class=\"wp-block-image size-large\"><img loading=\"lazy\" decoding=\"async\" width=\"768\" height=\"1024\" src=\"http:\/\/infoglobaldys.com.tr\/wp-content\/uploads\/2023\/11\/model-kesim-768x1024.jpg\" alt=\"\" class=\"wp-image-479\" srcset=\"http:\/\/infoglobaldys.com.tr\/wp-content\/uploads\/2023\/11\/model-kesim-768x1024.jpg 768w, http:\/\/infoglobaldys.com.tr\/wp-content\/uploads\/2023\/11\/model-kesim-225x300.jpg 225w, http:\/\/infoglobaldys.com.tr\/wp-content\/uploads\/2023\/11\/model-kesim-1152x1536.jpg 1152w, http:\/\/infoglobaldys.com.tr\/wp-content\/uploads\/2023\/11\/model-kesim.jpg 1536w\" sizes=\"(max-width: 768px) 100vw, 768px\" \/><\/figure>\n<\/div>\n<\/div>\n","protected":false},"excerpt":{"rendered":"<p>MODELHANE Etkin ve kapsaml\u0131 kadromuz kad\u0131n, erkek, \u00e7ocuk olacak \u015fekilde dokuma ve \u00f6rme t\u00fcm modellerin kal\u0131b\u0131n\u0131 en profesyonel \u015fekilde \u00e7\u0131karmaktad\u0131r. Yap\u0131lan t\u00fcm kal\u0131plar 3D program\u0131na aktar\u0131larak genel fiti kontrol edildikten ve onayland\u0131ktan sonra kesime al\u0131nmaktad\u0131r. 3D program\u0131 sayesinde \u00fcr\u00fcn kesilmeden gerekli kritikler avatar \u00fczerinde g\u00f6r\u00fclerek kuma\u015f, i\u015f g\u00fcc\u00fc ve zamandan tasarruf edilerek s\u00fcrd\u00fcr\u00fclebilirli\u011fi y\u00fcksek d\u00fczeyde &hellip;<\/p>\n<p class=\"read-more\"> <a class=\"\" href=\"http:\/\/infoglobaldys.com.tr\/index.php\/modelhane\/\"> <span class=\"screen-reader-text\">MODELHANE<\/span> Devam\u0131 &raquo;<\/a><\/p>\n","protected":false},"author":2,"featured_media":0,"parent":0,"menu_order":0,"comment_status":"closed","ping_status":"closed","template":"","meta":{"site-sidebar-layout":"default","site-content-layout":"","ast-site-content-layout":"","site-content-style":"default","site-sidebar-style":"default","ast-global-header-display":"","ast-banner-title-visibility":"","ast-main-header-display":"","ast-hfb-above-header-display":"","ast-hfb-below-header-display":"","ast-hfb-mobile-header-display":"","site-post-title":"disabled","ast-breadcrumbs-content":"","ast-featured-img":"","footer-sml-layout":"","theme-transparent-header-meta":"","adv-header-id-meta":"","stick-header-meta":"","header-above-stick-meta":"","header-main-stick-meta":"","header-below-stick-meta":"","astra-migrate-meta-layouts":"","ast-page-background-enabled":"default","ast-page-background-meta":{"desktop":{"background-color":"var(--ast-global-color-4)","background-image":"","background-repeat":"repeat","background-position":"center center","background-size":"auto","background-attachment":"scroll","background-type":"","background-media":"","overlay-type":"","overlay-color":"","overlay-gradient":""},"tablet":{"background-color":"","background-image":"","background-repeat":"repeat","background-position":"center center","background-size":"auto","background-attachment":"scroll","background-type":"","background-media":"","overlay-type":"","overlay-color":"","overlay-gradient":""},"mobile":{"background-color":"","background-image":"","background-repeat":"repeat","background-position":"center center","background-size":"auto","background-attachment":"scroll","background-type":"","background-media":"","overlay-type":"","overlay-color":"","overlay-gradient":""}},"ast-content-background-meta":{"desktop":{"background-color":"var(--ast-global-color-5)","background-image":"","background-repeat":"repeat","background-position":"center center","background-size":"auto","background-attachment":"scroll","background-type":"","background-media":"","overlay-type":"","overlay-color":"","overlay-gradient":""},"tablet":{"background-color":"var(--ast-global-color-5)","background-image":"","background-repeat":"repeat","background-position":"center center","background-size":"auto","background-attachment":"scroll","background-type":"","background-media":"","overlay-type":"","overlay-color":"","overlay-gradient":""},"mobile":{"background-color":"var(--ast-global-color-5)","background-image":"","background-repeat":"repeat","background-position":"center center","background-size":"auto","background-attachment":"scroll","background-type":"","background-media":"","overlay-type":"","overlay-color":"","overlay-gradient":""}},"footnotes":""},"yoast_head":"<!-- This site is optimized with the Yoast SEO plugin v21.5 - https:\/\/yoast.com\/wordpress\/plugins\/seo\/ -->\r\n<title>MODELHANE | INFO GLOBAL DYS<\/title>\r\n<meta name=\"robots\" content=\"index, follow, max-snippet:-1, max-image-preview:large, max-video-preview:-1\" \/>\r\n<link rel=\"canonical\" href=\"http:\/\/infoglobaldys.com.tr\/index.php\/modelhane\/\" \/>\r\n<meta property=\"og:locale\" content=\"tr_TR\" \/>\r\n<meta property=\"og:type\" content=\"article\" \/>\r\n<meta property=\"og:title\" content=\"MODELHANE | INFO GLOBAL DYS\" \/>\r\n<meta property=\"og:description\" content=\"MODELHANE Etkin ve kapsaml\u0131 kadromuz kad\u0131n, erkek, \u00e7ocuk olacak \u015fekilde dokuma ve \u00f6rme t\u00fcm modellerin kal\u0131b\u0131n\u0131 en profesyonel \u015fekilde \u00e7\u0131karmaktad\u0131r. Yap\u0131lan t\u00fcm kal\u0131plar 3D program\u0131na aktar\u0131larak genel fiti kontrol edildikten ve onayland\u0131ktan sonra kesime al\u0131nmaktad\u0131r. 3D program\u0131 sayesinde \u00fcr\u00fcn kesilmeden gerekli kritikler avatar \u00fczerinde g\u00f6r\u00fclerek kuma\u015f, i\u015f g\u00fcc\u00fc ve zamandan tasarruf edilerek s\u00fcrd\u00fcr\u00fclebilirli\u011fi y\u00fcksek d\u00fczeyde &hellip; MODELHANE Devam\u0131 &raquo;\" \/>\r\n<meta property=\"og:url\" content=\"http:\/\/infoglobaldys.com.tr\/index.php\/modelhane\/\" \/>\r\n<meta property=\"og:site_name\" content=\"INFO GLOBAL DYS\" \/>\r\n<meta property=\"article:modified_time\" content=\"2023-11-21T06:11:44+00:00\" \/>\r\n<meta property=\"og:image\" content=\"http:\/\/infoglobaldys.com.tr\/wp-content\/uploads\/2023\/11\/modelhane-768x1024.jpeg\" \/>\r\n<meta name=\"twitter:card\" content=\"summary_large_image\" \/>\r\n<meta name=\"twitter:label1\" content=\"Tahmini okuma s\u00fcresi\" \/>\n\t<meta name=\"twitter:data1\" content=\"2 dakika\" \/>\r\n<script type=\"application\/ld+json\" class=\"yoast-schema-graph\">{\"@context\":\"https:\/\/schema.org\",\"@graph\":[{\"@type\":\"WebPage\",\"@id\":\"http:\/\/infoglobaldys.com.tr\/index.php\/modelhane\/\",\"url\":\"http:\/\/infoglobaldys.com.tr\/index.php\/modelhane\/\",\"name\":\"MODELHANE | INFO GLOBAL DYS\",\"isPartOf\":{\"@id\":\"http:\/\/infoglobaldys.com.tr\/#website\"},\"datePublished\":\"2023-11-17T08:18:16+00:00\",\"dateModified\":\"2023-11-21T06:11:44+00:00\",\"breadcrumb\":{\"@id\":\"http:\/\/infoglobaldys.com.tr\/index.php\/modelhane\/#breadcrumb\"},\"inLanguage\":\"tr\",\"potentialAction\":[{\"@type\":\"ReadAction\",\"target\":[\"http:\/\/infoglobaldys.com.tr\/index.php\/modelhane\/\"]}]},{\"@type\":\"BreadcrumbList\",\"@id\":\"http:\/\/infoglobaldys.com.tr\/index.php\/modelhane\/#breadcrumb\",\"itemListElement\":[{\"@type\":\"ListItem\",\"position\":1,\"name\":\"Home\",\"item\":\"http:\/\/infoglobaldys.com.tr\/\"},{\"@type\":\"ListItem\",\"position\":2,\"name\":\"MODELHANE\"}]},{\"@type\":\"WebSite\",\"@id\":\"http:\/\/infoglobaldys.com.tr\/#website\",\"url\":\"http:\/\/infoglobaldys.com.tr\/\",\"name\":\"INFO GLOBAL DYS\",\"description\":\"\",\"publisher\":{\"@id\":\"http:\/\/infoglobaldys.com.tr\/#organization\"},\"potentialAction\":[{\"@type\":\"SearchAction\",\"target\":{\"@type\":\"EntryPoint\",\"urlTemplate\":\"http:\/\/infoglobaldys.com.tr\/?s={search_term_string}\"},\"query-input\":\"required name=search_term_string\"}],\"inLanguage\":\"tr\"},{\"@type\":\"Organization\",\"@id\":\"http:\/\/infoglobaldys.com.tr\/#organization\",\"name\":\"INFO GLOBAL DYS\",\"url\":\"http:\/\/infoglobaldys.com.tr\/\",\"logo\":{\"@type\":\"ImageObject\",\"inLanguage\":\"tr\",\"@id\":\"http:\/\/infoglobaldys.com.tr\/#\/schema\/logo\/image\/\",\"url\":\"http:\/\/infoglobaldys.com.tr\/wp-content\/uploads\/2020\/05\/Ads\u0131z-1.png\",\"contentUrl\":\"http:\/\/infoglobaldys.com.tr\/wp-content\/uploads\/2020\/05\/Ads\u0131z-1.png\",\"width\":1667,\"height\":1179,\"caption\":\"INFO GLOBAL DYS\"},\"image\":{\"@id\":\"http:\/\/infoglobaldys.com.tr\/#\/schema\/logo\/image\/\"}}]}<\/script>\r\n<!-- \/ Yoast SEO plugin. -->","yoast_head_json":{"title":"MODELHANE | INFO GLOBAL DYS","robots":{"index":"index","follow":"follow","max-snippet":"max-snippet:-1","max-image-preview":"max-image-preview:large","max-video-preview":"max-video-preview:-1"},"canonical":"http:\/\/infoglobaldys.com.tr\/index.php\/modelhane\/","og_locale":"tr_TR","og_type":"article","og_title":"MODELHANE | INFO GLOBAL DYS","og_description":"MODELHANE Etkin ve kapsaml\u0131 kadromuz kad\u0131n, erkek, \u00e7ocuk olacak \u015fekilde dokuma ve \u00f6rme t\u00fcm modellerin kal\u0131b\u0131n\u0131 en profesyonel \u015fekilde \u00e7\u0131karmaktad\u0131r. Yap\u0131lan t\u00fcm kal\u0131plar 3D program\u0131na aktar\u0131larak genel fiti kontrol edildikten ve onayland\u0131ktan sonra kesime al\u0131nmaktad\u0131r. 3D program\u0131 sayesinde \u00fcr\u00fcn kesilmeden gerekli kritikler avatar \u00fczerinde g\u00f6r\u00fclerek kuma\u015f, i\u015f g\u00fcc\u00fc ve zamandan tasarruf edilerek s\u00fcrd\u00fcr\u00fclebilirli\u011fi y\u00fcksek d\u00fczeyde &hellip; MODELHANE Devam\u0131 &raquo;","og_url":"http:\/\/infoglobaldys.com.tr\/index.php\/modelhane\/","og_site_name":"INFO GLOBAL DYS","article_modified_time":"2023-11-21T06:11:44+00:00","og_image":[{"url":"http:\/\/infoglobaldys.com.tr\/wp-content\/uploads\/2023\/11\/modelhane-768x1024.jpeg"}],"twitter_card":"summary_large_image","twitter_misc":{"Tahmini okuma s\u00fcresi":"2 dakika"},"schema":{"@context":"https:\/\/schema.org","@graph":[{"@type":"WebPage","@id":"http:\/\/infoglobaldys.com.tr\/index.php\/modelhane\/","url":"http:\/\/infoglobaldys.com.tr\/index.php\/modelhane\/","name":"MODELHANE | INFO GLOBAL DYS","isPartOf":{"@id":"http:\/\/infoglobaldys.com.tr\/#website"},"datePublished":"2023-11-17T08:18:16+00:00","dateModified":"2023-11-21T06:11:44+00:00","breadcrumb":{"@id":"http:\/\/infoglobaldys.com.tr\/index.php\/modelhane\/#breadcrumb"},"inLanguage":"tr","potentialAction":[{"@type":"ReadAction","target":["http:\/\/infoglobaldys.com.tr\/index.php\/modelhane\/"]}]},{"@type":"BreadcrumbList","@id":"http:\/\/infoglobaldys.com.tr\/index.php\/modelhane\/#breadcrumb","itemListElement":[{"@type":"ListItem","position":1,"name":"Home","item":"http:\/\/infoglobaldys.com.tr\/"},{"@type":"ListItem","position":2,"name":"MODELHANE"}]},{"@type":"WebSite","@id":"http:\/\/infoglobaldys.com.tr\/#website","url":"http:\/\/infoglobaldys.com.tr\/","name":"INFO GLOBAL DYS","description":"","publisher":{"@id":"http:\/\/infoglobaldys.com.tr\/#organization"},"potentialAction":[{"@type":"SearchAction","target":{"@type":"EntryPoint","urlTemplate":"http:\/\/infoglobaldys.com.tr\/?s={search_term_string}"},"query-input":"required name=search_term_string"}],"inLanguage":"tr"},{"@type":"Organization","@id":"http:\/\/infoglobaldys.com.tr\/#organization","name":"INFO GLOBAL DYS","url":"http:\/\/infoglobaldys.com.tr\/","logo":{"@type":"ImageObject","inLanguage":"tr","@id":"http:\/\/infoglobaldys.com.tr\/#\/schema\/logo\/image\/","url":"http:\/\/infoglobaldys.com.tr\/wp-content\/uploads\/2020\/05\/Ads\u0131z-1.png","contentUrl":"http:\/\/infoglobaldys.com.tr\/wp-content\/uploads\/2020\/05\/Ads\u0131z-1.png","width":1667,"height":1179,"caption":"INFO GLOBAL DYS"},"image":{"@id":"http:\/\/infoglobaldys.com.tr\/#\/schema\/logo\/image\/"}}]}},"_links":{"self":[{"href":"http:\/\/infoglobaldys.com.tr\/index.php\/wp-json\/wp\/v2\/pages\/356"}],"collection":[{"href":"http:\/\/infoglobaldys.com.tr\/index.php\/wp-json\/wp\/v2\/pages"}],"about":[{"href":"http:\/\/infoglobaldys.com.tr\/index.php\/wp-json\/wp\/v2\/types\/page"}],"author":[{"embeddable":true,"href":"http:\/\/infoglobaldys.com.tr\/index.php\/wp-json\/wp\/v2\/users\/2"}],"replies":[{"embeddable":true,"href":"http:\/\/infoglobaldys.com.tr\/index.php\/wp-json\/wp\/v2\/comments?post=356"}],"version-history":[{"count":3,"href":"http:\/\/infoglobaldys.com.tr\/index.php\/wp-json\/wp\/v2\/pages\/356\/revisions"}],"predecessor-version":[{"id":480,"href":"http:\/\/infoglobaldys.com.tr\/index.php\/wp-json\/wp\/v2\/pages\/356\/revisions\/480"}],"wp:attachment":[{"href":"http:\/\/infoglobaldys.com.tr\/index.php\/wp-json\/wp\/v2\/media?parent=356"}],"curies":[{"name":"wp","href":"https:\/\/api.w.org\/{rel}","templated":true}]}}