{"id":354,"date":"2023-11-17T08:16:35","date_gmt":"2023-11-17T08:16:35","guid":{"rendered":"http:\/\/infoglobaldys.com.tr\/?page_id=354"},"modified":"2023-12-01T07:56:55","modified_gmt":"2023-12-01T07:56:55","slug":"tasarim","status":"publish","type":"page","link":"http:\/\/infoglobaldys.com.tr\/index.php\/tasarim\/","title":{"rendered":"TASARIM"},"content":{"rendered":"\n<h3 class=\"wp-block-heading has-text-align-center\">TASARIM<\/h3>\n\n\n\n<h5 class=\"wp-block-heading\">Profesyonel ekibimiz g\u00fcn\u00fcm\u00fcz trendini yak\u0131ndan takip ederek modan\u0131n kalbini yakalayacak ve modaya y\u00f6n verecek tasar\u0131mlar \u00e7al\u0131\u015fmaktad\u0131r. Yap\u0131lan t\u00fcm tasar\u0131mlar 3D program\u0131 kullan\u0131larak dijital platformda fit edilerek ger\u00e7e\u011fe en yak\u0131n kritikler ile kusursuzla\u015ft\u0131r\u0131lmaktad\u0131r. Departman\u0131m\u0131z m\u00fc\u015fterilerin talebi do\u011frultusunda m\u00fc\u015fteri kitlesine uygun \u00f6zel koleksiyon haz\u0131rlayabilmektedir.<\/h5>\n\n\n\n<div class=\"wp-block-columns alignfull is-layout-flex wp-container-core-columns-layout-1 wp-block-columns-is-layout-flex\">\n<div class=\"wp-block-column is-layout-flow wp-block-column-is-layout-flow\">\n<figure class=\"wp-block-image size-large\"><img loading=\"lazy\" decoding=\"async\" width=\"821\" height=\"1024\" src=\"http:\/\/infoglobaldys.com.tr\/wp-content\/uploads\/2023\/11\/tasarim-1-821x1024.jpeg\" alt=\"\" class=\"wp-image-440\" srcset=\"http:\/\/infoglobaldys.com.tr\/wp-content\/uploads\/2023\/11\/tasarim-1-821x1024.jpeg 821w, http:\/\/infoglobaldys.com.tr\/wp-content\/uploads\/2023\/11\/tasarim-1-241x300.jpeg 241w, http:\/\/infoglobaldys.com.tr\/wp-content\/uploads\/2023\/11\/tasarim-1-768x958.jpeg 768w, http:\/\/infoglobaldys.com.tr\/wp-content\/uploads\/2023\/11\/tasarim-1.jpeg 1179w\" sizes=\"(max-width: 821px) 100vw, 821px\" \/><\/figure>\n<\/div>\n\n\n\n<div class=\"wp-block-column is-layout-flow wp-block-column-is-layout-flow\">\n<figure class=\"wp-block-image size-full is-resized\"><img loading=\"lazy\" decoding=\"async\" width=\"768\" height=\"1024\" src=\"http:\/\/infoglobaldys.com.tr\/wp-content\/uploads\/2023\/12\/TASARIM-ICERIK.jpg\" alt=\"\" class=\"wp-image-586\" style=\"width:548px;height:auto\" srcset=\"http:\/\/infoglobaldys.com.tr\/wp-content\/uploads\/2023\/12\/TASARIM-ICERIK.jpg 768w, http:\/\/infoglobaldys.com.tr\/wp-content\/uploads\/2023\/12\/TASARIM-ICERIK-225x300.jpg 225w\" sizes=\"(max-width: 768px) 100vw, 768px\" \/><\/figure>\n<\/div>\n\n\n\n<div class=\"wp-block-column is-layout-flow wp-block-column-is-layout-flow\"><\/div>\n<\/div>\n","protected":false},"excerpt":{"rendered":"<p>TASARIM Profesyonel ekibimiz g\u00fcn\u00fcm\u00fcz trendini yak\u0131ndan takip ederek modan\u0131n kalbini yakalayacak ve modaya y\u00f6n verecek tasar\u0131mlar \u00e7al\u0131\u015fmaktad\u0131r. Yap\u0131lan t\u00fcm tasar\u0131mlar 3D program\u0131 kullan\u0131larak dijital platformda fit edilerek ger\u00e7e\u011fe en yak\u0131n kritikler ile kusursuzla\u015ft\u0131r\u0131lmaktad\u0131r. Departman\u0131m\u0131z m\u00fc\u015fterilerin talebi do\u011frultusunda m\u00fc\u015fteri kitlesine uygun \u00f6zel koleksiyon haz\u0131rlayabilmektedir.<\/p>\n","protected":false},"author":2,"featured_media":0,"parent":0,"menu_order":0,"comment_status":"closed","ping_status":"closed","template":"","meta":{"site-sidebar-layout":"default","site-content-layout":"","ast-site-content-layout":"","site-content-style":"default","site-sidebar-style":"default","ast-global-header-display":"","ast-banner-title-visibility":"","ast-main-header-display":"","ast-hfb-above-header-display":"","ast-hfb-below-header-display":"","ast-hfb-mobile-header-display":"","site-post-title":"disabled","ast-breadcrumbs-content":"","ast-featured-img":"","footer-sml-layout":"","theme-transparent-header-meta":"","adv-header-id-meta":"","stick-header-meta":"","header-above-stick-meta":"","header-main-stick-meta":"","header-below-stick-meta":"","astra-migrate-meta-layouts":"","ast-page-background-enabled":"default","ast-page-background-meta":{"desktop":{"background-color":"var(--ast-global-color-4)","background-image":"","background-repeat":"repeat","background-position":"center center","background-size":"auto","background-attachment":"scroll","background-type":"","background-media":"","overlay-type":"","overlay-color":"","overlay-gradient":""},"tablet":{"background-color":"","background-image":"","background-repeat":"repeat","background-position":"center center","background-size":"auto","background-attachment":"scroll","background-type":"","background-media":"","overlay-type":"","overlay-color":"","overlay-gradient":""},"mobile":{"background-color":"","background-image":"","background-repeat":"repeat","background-position":"center center","background-size":"auto","background-attachment":"scroll","background-type":"","background-media":"","overlay-type":"","overlay-color":"","overlay-gradient":""}},"ast-content-background-meta":{"desktop":{"background-color":"var(--ast-global-color-5)","background-image":"","background-repeat":"repeat","background-position":"center center","background-size":"auto","background-attachment":"scroll","background-type":"","background-media":"","overlay-type":"","overlay-color":"","overlay-gradient":""},"tablet":{"background-color":"var(--ast-global-color-5)","background-image":"","background-repeat":"repeat","background-position":"center center","background-size":"auto","background-attachment":"scroll","background-type":"","background-media":"","overlay-type":"","overlay-color":"","overlay-gradient":""},"mobile":{"background-color":"var(--ast-global-color-5)","background-image":"","background-repeat":"repeat","background-position":"center center","background-size":"auto","background-attachment":"scroll","background-type":"","background-media":"","overlay-type":"","overlay-color":"","overlay-gradient":""}},"footnotes":""},"yoast_head":"<!-- This site is optimized with the Yoast SEO plugin v21.5 - https:\/\/yoast.com\/wordpress\/plugins\/seo\/ -->\r\n<title>TASARIM | INFO GLOBAL DYS<\/title>\r\n<meta name=\"robots\" content=\"index, follow, max-snippet:-1, max-image-preview:large, max-video-preview:-1\" \/>\r\n<link rel=\"canonical\" href=\"http:\/\/infoglobaldys.com.tr\/index.php\/tasarim\/\" \/>\r\n<meta property=\"og:locale\" content=\"tr_TR\" \/>\r\n<meta property=\"og:type\" content=\"article\" \/>\r\n<meta property=\"og:title\" content=\"TASARIM | INFO GLOBAL DYS\" \/>\r\n<meta property=\"og:description\" content=\"TASARIM Profesyonel ekibimiz g\u00fcn\u00fcm\u00fcz trendini yak\u0131ndan takip ederek modan\u0131n kalbini yakalayacak ve modaya y\u00f6n verecek tasar\u0131mlar \u00e7al\u0131\u015fmaktad\u0131r. Yap\u0131lan t\u00fcm tasar\u0131mlar 3D program\u0131 kullan\u0131larak dijital platformda fit edilerek ger\u00e7e\u011fe en yak\u0131n kritikler ile kusursuzla\u015ft\u0131r\u0131lmaktad\u0131r. Departman\u0131m\u0131z m\u00fc\u015fterilerin talebi do\u011frultusunda m\u00fc\u015fteri kitlesine uygun \u00f6zel koleksiyon haz\u0131rlayabilmektedir.\" \/>\r\n<meta property=\"og:url\" content=\"http:\/\/infoglobaldys.com.tr\/index.php\/tasarim\/\" \/>\r\n<meta property=\"og:site_name\" content=\"INFO GLOBAL DYS\" \/>\r\n<meta property=\"article:modified_time\" content=\"2023-12-01T07:56:55+00:00\" \/>\r\n<meta property=\"og:image\" content=\"http:\/\/infoglobaldys.com.tr\/wp-content\/uploads\/2023\/11\/tasarim-1-821x1024.jpeg\" \/>\r\n<meta name=\"twitter:card\" content=\"summary_large_image\" \/>\r\n<meta name=\"twitter:label1\" content=\"Tahmini okuma s\u00fcresi\" \/>\n\t<meta name=\"twitter:data1\" content=\"1 dakika\" \/>\r\n<script type=\"application\/ld+json\" class=\"yoast-schema-graph\">{\"@context\":\"https:\/\/schema.org\",\"@graph\":[{\"@type\":\"WebPage\",\"@id\":\"http:\/\/infoglobaldys.com.tr\/index.php\/tasarim\/\",\"url\":\"http:\/\/infoglobaldys.com.tr\/index.php\/tasarim\/\",\"name\":\"TASARIM | INFO GLOBAL DYS\",\"isPartOf\":{\"@id\":\"http:\/\/infoglobaldys.com.tr\/#website\"},\"datePublished\":\"2023-11-17T08:16:35+00:00\",\"dateModified\":\"2023-12-01T07:56:55+00:00\",\"breadcrumb\":{\"@id\":\"http:\/\/infoglobaldys.com.tr\/index.php\/tasarim\/#breadcrumb\"},\"inLanguage\":\"tr\",\"potentialAction\":[{\"@type\":\"ReadAction\",\"target\":[\"http:\/\/infoglobaldys.com.tr\/index.php\/tasarim\/\"]}]},{\"@type\":\"BreadcrumbList\",\"@id\":\"http:\/\/infoglobaldys.com.tr\/index.php\/tasarim\/#breadcrumb\",\"itemListElement\":[{\"@type\":\"ListItem\",\"position\":1,\"name\":\"Home\",\"item\":\"http:\/\/infoglobaldys.com.tr\/\"},{\"@type\":\"ListItem\",\"position\":2,\"name\":\"TASARIM\"}]},{\"@type\":\"WebSite\",\"@id\":\"http:\/\/infoglobaldys.com.tr\/#website\",\"url\":\"http:\/\/infoglobaldys.com.tr\/\",\"name\":\"INFO GLOBAL DYS\",\"description\":\"\",\"publisher\":{\"@id\":\"http:\/\/infoglobaldys.com.tr\/#organization\"},\"potentialAction\":[{\"@type\":\"SearchAction\",\"target\":{\"@type\":\"EntryPoint\",\"urlTemplate\":\"http:\/\/infoglobaldys.com.tr\/?s={search_term_string}\"},\"query-input\":\"required name=search_term_string\"}],\"inLanguage\":\"tr\"},{\"@type\":\"Organization\",\"@id\":\"http:\/\/infoglobaldys.com.tr\/#organization\",\"name\":\"INFO GLOBAL DYS\",\"url\":\"http:\/\/infoglobaldys.com.tr\/\",\"logo\":{\"@type\":\"ImageObject\",\"inLanguage\":\"tr\",\"@id\":\"http:\/\/infoglobaldys.com.tr\/#\/schema\/logo\/image\/\",\"url\":\"http:\/\/infoglobaldys.com.tr\/wp-content\/uploads\/2020\/05\/Ads\u0131z-1.png\",\"contentUrl\":\"http:\/\/infoglobaldys.com.tr\/wp-content\/uploads\/2020\/05\/Ads\u0131z-1.png\",\"width\":1667,\"height\":1179,\"caption\":\"INFO GLOBAL DYS\"},\"image\":{\"@id\":\"http:\/\/infoglobaldys.com.tr\/#\/schema\/logo\/image\/\"}}]}<\/script>\r\n<!-- \/ Yoast SEO plugin. -->","yoast_head_json":{"title":"TASARIM | INFO GLOBAL DYS","robots":{"index":"index","follow":"follow","max-snippet":"max-snippet:-1","max-image-preview":"max-image-preview:large","max-video-preview":"max-video-preview:-1"},"canonical":"http:\/\/infoglobaldys.com.tr\/index.php\/tasarim\/","og_locale":"tr_TR","og_type":"article","og_title":"TASARIM | INFO GLOBAL DYS","og_description":"TASARIM Profesyonel ekibimiz g\u00fcn\u00fcm\u00fcz trendini yak\u0131ndan takip ederek modan\u0131n kalbini yakalayacak ve modaya y\u00f6n verecek tasar\u0131mlar \u00e7al\u0131\u015fmaktad\u0131r. Yap\u0131lan t\u00fcm tasar\u0131mlar 3D program\u0131 kullan\u0131larak dijital platformda fit edilerek ger\u00e7e\u011fe en yak\u0131n kritikler ile kusursuzla\u015ft\u0131r\u0131lmaktad\u0131r. Departman\u0131m\u0131z m\u00fc\u015fterilerin talebi do\u011frultusunda m\u00fc\u015fteri kitlesine uygun \u00f6zel koleksiyon haz\u0131rlayabilmektedir.","og_url":"http:\/\/infoglobaldys.com.tr\/index.php\/tasarim\/","og_site_name":"INFO GLOBAL DYS","article_modified_time":"2023-12-01T07:56:55+00:00","og_image":[{"url":"http:\/\/infoglobaldys.com.tr\/wp-content\/uploads\/2023\/11\/tasarim-1-821x1024.jpeg"}],"twitter_card":"summary_large_image","twitter_misc":{"Tahmini okuma s\u00fcresi":"1 dakika"},"schema":{"@context":"https:\/\/schema.org","@graph":[{"@type":"WebPage","@id":"http:\/\/infoglobaldys.com.tr\/index.php\/tasarim\/","url":"http:\/\/infoglobaldys.com.tr\/index.php\/tasarim\/","name":"TASARIM | INFO GLOBAL DYS","isPartOf":{"@id":"http:\/\/infoglobaldys.com.tr\/#website"},"datePublished":"2023-11-17T08:16:35+00:00","dateModified":"2023-12-01T07:56:55+00:00","breadcrumb":{"@id":"http:\/\/infoglobaldys.com.tr\/index.php\/tasarim\/#breadcrumb"},"inLanguage":"tr","potentialAction":[{"@type":"ReadAction","target":["http:\/\/infoglobaldys.com.tr\/index.php\/tasarim\/"]}]},{"@type":"BreadcrumbList","@id":"http:\/\/infoglobaldys.com.tr\/index.php\/tasarim\/#breadcrumb","itemListElement":[{"@type":"ListItem","position":1,"name":"Home","item":"http:\/\/infoglobaldys.com.tr\/"},{"@type":"ListItem","position":2,"name":"TASARIM"}]},{"@type":"WebSite","@id":"http:\/\/infoglobaldys.com.tr\/#website","url":"http:\/\/infoglobaldys.com.tr\/","name":"INFO GLOBAL DYS","description":"","publisher":{"@id":"http:\/\/infoglobaldys.com.tr\/#organization"},"potentialAction":[{"@type":"SearchAction","target":{"@type":"EntryPoint","urlTemplate":"http:\/\/infoglobaldys.com.tr\/?s={search_term_string}"},"query-input":"required name=search_term_string"}],"inLanguage":"tr"},{"@type":"Organization","@id":"http:\/\/infoglobaldys.com.tr\/#organization","name":"INFO GLOBAL DYS","url":"http:\/\/infoglobaldys.com.tr\/","logo":{"@type":"ImageObject","inLanguage":"tr","@id":"http:\/\/infoglobaldys.com.tr\/#\/schema\/logo\/image\/","url":"http:\/\/infoglobaldys.com.tr\/wp-content\/uploads\/2020\/05\/Ads\u0131z-1.png","contentUrl":"http:\/\/infoglobaldys.com.tr\/wp-content\/uploads\/2020\/05\/Ads\u0131z-1.png","width":1667,"height":1179,"caption":"INFO GLOBAL DYS"},"image":{"@id":"http:\/\/infoglobaldys.com.tr\/#\/schema\/logo\/image\/"}}]}},"_links":{"self":[{"href":"http:\/\/infoglobaldys.com.tr\/index.php\/wp-json\/wp\/v2\/pages\/354"}],"collection":[{"href":"http:\/\/infoglobaldys.com.tr\/index.php\/wp-json\/wp\/v2\/pages"}],"about":[{"href":"http:\/\/infoglobaldys.com.tr\/index.php\/wp-json\/wp\/v2\/types\/page"}],"author":[{"embeddable":true,"href":"http:\/\/infoglobaldys.com.tr\/index.php\/wp-json\/wp\/v2\/users\/2"}],"replies":[{"embeddable":true,"href":"http:\/\/infoglobaldys.com.tr\/index.php\/wp-json\/wp\/v2\/comments?post=354"}],"version-history":[{"count":8,"href":"http:\/\/infoglobaldys.com.tr\/index.php\/wp-json\/wp\/v2\/pages\/354\/revisions"}],"predecessor-version":[{"id":588,"href":"http:\/\/infoglobaldys.com.tr\/index.php\/wp-json\/wp\/v2\/pages\/354\/revisions\/588"}],"wp:attachment":[{"href":"http:\/\/infoglobaldys.com.tr\/index.php\/wp-json\/wp\/v2\/media?parent=354"}],"curies":[{"name":"wp","href":"https:\/\/api.w.org\/{rel}","templated":true}]}}