{"id":2,"date":"2019-06-21T08:16:30","date_gmt":"2019-06-21T08:16:30","guid":{"rendered":"http:\/\/infoglobaldys.com.tr\/?page_id=2"},"modified":"2023-11-16T14:12:26","modified_gmt":"2023-11-16T14:12:26","slug":"hakkimizda","status":"publish","type":"page","link":"http:\/\/infoglobaldys.com.tr\/index.php\/kurumsal\/hakkimizda\/","title":{"rendered":"Hakk\u0131m\u0131zda"},"content":{"rendered":"\n<figure class=\"wp-block-image alignleft size-large is-resized\"><img loading=\"lazy\" decoding=\"async\" width=\"1024\" height=\"823\" src=\"http:\/\/infoglobaldys.com.tr\/wp-content\/uploads\/2022\/05\/yeni-2-1024x823.jpg\" alt=\"\" class=\"wp-image-157\" style=\"width:742px;height:auto\" srcset=\"http:\/\/infoglobaldys.com.tr\/wp-content\/uploads\/2022\/05\/yeni-2-1024x823.jpg 1024w, http:\/\/infoglobaldys.com.tr\/wp-content\/uploads\/2022\/05\/yeni-2-300x241.jpg 300w, http:\/\/infoglobaldys.com.tr\/wp-content\/uploads\/2022\/05\/yeni-2-768x617.jpg 768w, http:\/\/infoglobaldys.com.tr\/wp-content\/uploads\/2022\/05\/yeni-2-1536x1235.jpg 1536w, http:\/\/infoglobaldys.com.tr\/wp-content\/uploads\/2022\/05\/yeni-2-2048x1646.jpg 2048w\" sizes=\"(max-width: 1024px) 100vw, 1024px\" \/><\/figure>\n\n\n\n<p>2002 y\u0131l\u0131nda tekstil sekt\u00f6r\u00fcnde Ya\u011fmur Tekstil olarak fason \u00fcretim yapmak sureti ile \u00fcretim maceram\u0131za ba\u015flad\u0131k. Bu maceram\u0131zda her zaman \u00f6nce kalite ve m\u00fc\u015fteri odakl\u0131 olmay\u0131 kendimize ilke edindik. Geli\u015fen d\u00fcnya ile paralel olarak hem \u00fcretim yapt\u0131\u011f\u0131m\u0131z \u00fcr\u00fcnleri hem de hizmet sundu\u011fumuz m\u00fc\u015fterilerimizi geli\u015ftirip, b\u00fcy\u00fcd\u00fck. Bu b\u00fcy\u00fcme ile m\u00fc\u015fterilerimize daha iyi, daha h\u0131zl\u0131, daha kaliteli hizmet verebilmek i\u00e7in 2010 y\u0131l\u0131nda DYS Tekstil firmas\u0131n\u0131 kurduk.<\/p>\n\n\n\n<blockquote class=\"wp-block-quote\">\n<p>DYS Tekstil olarak yurt d\u0131\u015f\u0131ndaki m\u00fc\u015fterilerimize \u00e7o\u011funlukla direk ihracat yap\u0131p, \u00e7e\u015fitli zamanlarda ise kurumsal m\u00fcmessil ofisler ile ihracat yapmaktay\u0131z. H\u0131zl\u0131 geli\u015fen ve globalle\u015fen d\u00fcnya d\u00fczeninde 2017 y\u0131l\u0131ndan itibaren informasyon(bilgi yayma) tecr\u00fcbemizi ad\u0131m\u0131z\u0131n \u00f6n\u00fcne ekleyerek ad\u0131m\u0131z\u0131 \u0130nfo Global Dys olarak de\u011fi\u015ftirdik. Bu de\u011fi\u015fim ile 2002 y\u0131l\u0131ndan itibaren olu\u015fan tecr\u00fcbe ve bilgimizi tekstil alan\u0131nda faaliyet g\u00f6steren \u00f6nemli i\u015fletmelere hizmet sunmak amac\u0131yla g\u00f6stermekteyiz. Kendi alan\u0131nda profesyonel ve samimi \u00e7al\u0131\u015fanlar\u0131m\u0131zla birlikte,m\u00fc\u015fterilerimize sundu\u011fumuz kaliteli ve h\u0131zl\u0131 hizmeti her ge\u00e7en g\u00fcn geli\u015ftirmekteyiz.<\/p>\n<\/blockquote>\n\n\n\n<p>Ayn\u0131 zamanda Ya\u011fmur Tekstil, \u00fcretimimize yard\u0131mc\u0131 olmak, terminlerimizde hedefi %100 yakalamak, kalitemizi piyasan\u0131n her d\u00f6neminde stabil tutmak, \u0130nfo Global Dys \u00e7at\u0131s\u0131 alt\u0131nda her zaman en iyiyi \u00fcretmek prensibi ile hizmet vermektedir. B\u00fcnyemizde deneyimli 130 personel ile kesim, dikim ve ukp alan\u0131nda faaliyet g\u00f6stermekteyiz. Faaliyet g\u00f6sterdi\u011fimiz bu alanlarda fason b\u00fcnyemizde T\u00fcrkiye&#8217;nin \u00f6nde gelen markalar\u0131na y\u00fcksek kalite ve %100 zaman\u0131nda termin ile hizmet vermekteyiz.<\/p>\n","protected":false},"excerpt":{"rendered":"<p>2002 y\u0131l\u0131nda tekstil sekt\u00f6r\u00fcnde Ya\u011fmur Tekstil olarak fason \u00fcretim yapmak sureti ile \u00fcretim maceram\u0131za ba\u015flad\u0131k. Bu maceram\u0131zda her zaman \u00f6nce kalite ve m\u00fc\u015fteri odakl\u0131 olmay\u0131 kendimize ilke edindik. Geli\u015fen d\u00fcnya ile paralel olarak hem \u00fcretim yapt\u0131\u011f\u0131m\u0131z \u00fcr\u00fcnleri hem de hizmet sundu\u011fumuz m\u00fc\u015fterilerimizi geli\u015ftirip, b\u00fcy\u00fcd\u00fck. Bu b\u00fcy\u00fcme ile m\u00fc\u015fterilerimize daha iyi, daha h\u0131zl\u0131, daha kaliteli hizmet &hellip;<\/p>\n<p class=\"read-more\"> <a class=\"\" href=\"http:\/\/infoglobaldys.com.tr\/index.php\/kurumsal\/hakkimizda\/\"> <span class=\"screen-reader-text\">Hakk\u0131m\u0131zda<\/span> Devam\u0131 &raquo;<\/a><\/p>\n","protected":false},"author":1,"featured_media":0,"parent":259,"menu_order":0,"comment_status":"closed","ping_status":"closed","template":"","meta":{"site-sidebar-layout":"default","site-content-layout":"","ast-site-content-layout":"","site-content-style":"default","site-sidebar-style":"default","ast-global-header-display":"","ast-banner-title-visibility":"","ast-main-header-display":"","ast-hfb-above-header-display":"","ast-hfb-below-header-display":"","ast-hfb-mobile-header-display":"","site-post-title":"","ast-breadcrumbs-content":"","ast-featured-img":"","footer-sml-layout":"","theme-transparent-header-meta":"","adv-header-id-meta":"","stick-header-meta":"","header-above-stick-meta":"","header-main-stick-meta":"","header-below-stick-meta":"","astra-migrate-meta-layouts":"","ast-page-background-enabled":"default","ast-page-background-meta":{"desktop":{"background-color":"var(--ast-global-color-4)","background-image":"","background-repeat":"repeat","background-position":"center center","background-size":"auto","background-attachment":"scroll","background-type":"","background-media":"","overlay-type":"","overlay-color":"","overlay-gradient":""},"tablet":{"background-color":"","background-image":"","background-repeat":"repeat","background-position":"center center","background-size":"auto","background-attachment":"scroll","background-type":"","background-media":"","overlay-type":"","overlay-color":"","overlay-gradient":""},"mobile":{"background-color":"","background-image":"","background-repeat":"repeat","background-position":"center center","background-size":"auto","background-attachment":"scroll","background-type":"","background-media":"","overlay-type":"","overlay-color":"","overlay-gradient":""}},"ast-content-background-meta":{"desktop":{"background-color":"var(--ast-global-color-5)","background-image":"","background-repeat":"repeat","background-position":"center center","background-size":"auto","background-attachment":"scroll","background-type":"","background-media":"","overlay-type":"","overlay-color":"","overlay-gradient":""},"tablet":{"background-color":"var(--ast-global-color-5)","background-image":"","background-repeat":"repeat","background-position":"center center","background-size":"auto","background-attachment":"scroll","background-type":"","background-media":"","overlay-type":"","overlay-color":"","overlay-gradient":""},"mobile":{"background-color":"var(--ast-global-color-5)","background-image":"","background-repeat":"repeat","background-position":"center center","background-size":"auto","background-attachment":"scroll","background-type":"","background-media":"","overlay-type":"","overlay-color":"","overlay-gradient":""}},"footnotes":""},"yoast_head":"<!-- This site is optimized with the Yoast SEO plugin v21.5 - https:\/\/yoast.com\/wordpress\/plugins\/seo\/ -->\r\n<title>Hakk\u0131m\u0131zda | INFO GLOBAL DYS<\/title>\r\n<meta name=\"robots\" content=\"index, follow, max-snippet:-1, max-image-preview:large, max-video-preview:-1\" \/>\r\n<link rel=\"canonical\" href=\"http:\/\/infoglobaldys.com.tr\/index.php\/kurumsal\/hakkimizda\/\" \/>\r\n<meta property=\"og:locale\" content=\"tr_TR\" \/>\r\n<meta property=\"og:type\" content=\"article\" \/>\r\n<meta property=\"og:title\" content=\"Hakk\u0131m\u0131zda | INFO GLOBAL DYS\" \/>\r\n<meta property=\"og:description\" content=\"2002 y\u0131l\u0131nda tekstil sekt\u00f6r\u00fcnde Ya\u011fmur Tekstil olarak fason \u00fcretim yapmak sureti ile \u00fcretim maceram\u0131za ba\u015flad\u0131k. Bu maceram\u0131zda her zaman \u00f6nce kalite ve m\u00fc\u015fteri odakl\u0131 olmay\u0131 kendimize ilke edindik. Geli\u015fen d\u00fcnya ile paralel olarak hem \u00fcretim yapt\u0131\u011f\u0131m\u0131z \u00fcr\u00fcnleri hem de hizmet sundu\u011fumuz m\u00fc\u015fterilerimizi geli\u015ftirip, b\u00fcy\u00fcd\u00fck. Bu b\u00fcy\u00fcme ile m\u00fc\u015fterilerimize daha iyi, daha h\u0131zl\u0131, daha kaliteli hizmet &hellip; Hakk\u0131m\u0131zda Devam\u0131 &raquo;\" \/>\r\n<meta property=\"og:url\" content=\"http:\/\/infoglobaldys.com.tr\/index.php\/kurumsal\/hakkimizda\/\" \/>\r\n<meta property=\"og:site_name\" content=\"INFO GLOBAL DYS\" \/>\r\n<meta property=\"article:modified_time\" content=\"2023-11-16T14:12:26+00:00\" \/>\r\n<meta property=\"og:image\" content=\"http:\/\/infoglobaldys.com.tr\/wp-content\/uploads\/2022\/05\/yeni-2-1024x823.jpg\" \/>\r\n<meta name=\"twitter:card\" content=\"summary_large_image\" \/>\r\n<meta name=\"twitter:label1\" content=\"Tahmini okuma s\u00fcresi\" \/>\n\t<meta name=\"twitter:data1\" content=\"1 dakika\" \/>\r\n<script type=\"application\/ld+json\" class=\"yoast-schema-graph\">{\"@context\":\"https:\/\/schema.org\",\"@graph\":[{\"@type\":\"WebPage\",\"@id\":\"http:\/\/infoglobaldys.com.tr\/index.php\/kurumsal\/hakkimizda\/\",\"url\":\"http:\/\/infoglobaldys.com.tr\/index.php\/kurumsal\/hakkimizda\/\",\"name\":\"Hakk\u0131m\u0131zda | INFO GLOBAL DYS\",\"isPartOf\":{\"@id\":\"http:\/\/infoglobaldys.com.tr\/#website\"},\"datePublished\":\"2019-06-21T08:16:30+00:00\",\"dateModified\":\"2023-11-16T14:12:26+00:00\",\"breadcrumb\":{\"@id\":\"http:\/\/infoglobaldys.com.tr\/index.php\/kurumsal\/hakkimizda\/#breadcrumb\"},\"inLanguage\":\"tr\",\"potentialAction\":[{\"@type\":\"ReadAction\",\"target\":[\"http:\/\/infoglobaldys.com.tr\/index.php\/kurumsal\/hakkimizda\/\"]}]},{\"@type\":\"BreadcrumbList\",\"@id\":\"http:\/\/infoglobaldys.com.tr\/index.php\/kurumsal\/hakkimizda\/#breadcrumb\",\"itemListElement\":[{\"@type\":\"ListItem\",\"position\":1,\"name\":\"Home\",\"item\":\"http:\/\/infoglobaldys.com.tr\/\"},{\"@type\":\"ListItem\",\"position\":2,\"name\":\"KURUMSAL\",\"item\":\"http:\/\/infoglobaldys.com.tr\/index.php\/kurumsal\/\"},{\"@type\":\"ListItem\",\"position\":3,\"name\":\"Hakk\u0131m\u0131zda\"}]},{\"@type\":\"WebSite\",\"@id\":\"http:\/\/infoglobaldys.com.tr\/#website\",\"url\":\"http:\/\/infoglobaldys.com.tr\/\",\"name\":\"INFO GLOBAL DYS\",\"description\":\"\",\"publisher\":{\"@id\":\"http:\/\/infoglobaldys.com.tr\/#organization\"},\"potentialAction\":[{\"@type\":\"SearchAction\",\"target\":{\"@type\":\"EntryPoint\",\"urlTemplate\":\"http:\/\/infoglobaldys.com.tr\/?s={search_term_string}\"},\"query-input\":\"required name=search_term_string\"}],\"inLanguage\":\"tr\"},{\"@type\":\"Organization\",\"@id\":\"http:\/\/infoglobaldys.com.tr\/#organization\",\"name\":\"INFO GLOBAL DYS\",\"url\":\"http:\/\/infoglobaldys.com.tr\/\",\"logo\":{\"@type\":\"ImageObject\",\"inLanguage\":\"tr\",\"@id\":\"http:\/\/infoglobaldys.com.tr\/#\/schema\/logo\/image\/\",\"url\":\"http:\/\/infoglobaldys.com.tr\/wp-content\/uploads\/2020\/05\/Ads\u0131z-1.png\",\"contentUrl\":\"http:\/\/infoglobaldys.com.tr\/wp-content\/uploads\/2020\/05\/Ads\u0131z-1.png\",\"width\":1667,\"height\":1179,\"caption\":\"INFO GLOBAL DYS\"},\"image\":{\"@id\":\"http:\/\/infoglobaldys.com.tr\/#\/schema\/logo\/image\/\"}}]}<\/script>\r\n<!-- \/ Yoast SEO plugin. -->","yoast_head_json":{"title":"Hakk\u0131m\u0131zda | INFO GLOBAL DYS","robots":{"index":"index","follow":"follow","max-snippet":"max-snippet:-1","max-image-preview":"max-image-preview:large","max-video-preview":"max-video-preview:-1"},"canonical":"http:\/\/infoglobaldys.com.tr\/index.php\/kurumsal\/hakkimizda\/","og_locale":"tr_TR","og_type":"article","og_title":"Hakk\u0131m\u0131zda | INFO GLOBAL DYS","og_description":"2002 y\u0131l\u0131nda tekstil sekt\u00f6r\u00fcnde Ya\u011fmur Tekstil olarak fason \u00fcretim yapmak sureti ile \u00fcretim maceram\u0131za ba\u015flad\u0131k. Bu maceram\u0131zda her zaman \u00f6nce kalite ve m\u00fc\u015fteri odakl\u0131 olmay\u0131 kendimize ilke edindik. Geli\u015fen d\u00fcnya ile paralel olarak hem \u00fcretim yapt\u0131\u011f\u0131m\u0131z \u00fcr\u00fcnleri hem de hizmet sundu\u011fumuz m\u00fc\u015fterilerimizi geli\u015ftirip, b\u00fcy\u00fcd\u00fck. Bu b\u00fcy\u00fcme ile m\u00fc\u015fterilerimize daha iyi, daha h\u0131zl\u0131, daha kaliteli hizmet &hellip; Hakk\u0131m\u0131zda Devam\u0131 &raquo;","og_url":"http:\/\/infoglobaldys.com.tr\/index.php\/kurumsal\/hakkimizda\/","og_site_name":"INFO GLOBAL DYS","article_modified_time":"2023-11-16T14:12:26+00:00","og_image":[{"url":"http:\/\/infoglobaldys.com.tr\/wp-content\/uploads\/2022\/05\/yeni-2-1024x823.jpg"}],"twitter_card":"summary_large_image","twitter_misc":{"Tahmini okuma s\u00fcresi":"1 dakika"},"schema":{"@context":"https:\/\/schema.org","@graph":[{"@type":"WebPage","@id":"http:\/\/infoglobaldys.com.tr\/index.php\/kurumsal\/hakkimizda\/","url":"http:\/\/infoglobaldys.com.tr\/index.php\/kurumsal\/hakkimizda\/","name":"Hakk\u0131m\u0131zda | INFO GLOBAL DYS","isPartOf":{"@id":"http:\/\/infoglobaldys.com.tr\/#website"},"datePublished":"2019-06-21T08:16:30+00:00","dateModified":"2023-11-16T14:12:26+00:00","breadcrumb":{"@id":"http:\/\/infoglobaldys.com.tr\/index.php\/kurumsal\/hakkimizda\/#breadcrumb"},"inLanguage":"tr","potentialAction":[{"@type":"ReadAction","target":["http:\/\/infoglobaldys.com.tr\/index.php\/kurumsal\/hakkimizda\/"]}]},{"@type":"BreadcrumbList","@id":"http:\/\/infoglobaldys.com.tr\/index.php\/kurumsal\/hakkimizda\/#breadcrumb","itemListElement":[{"@type":"ListItem","position":1,"name":"Home","item":"http:\/\/infoglobaldys.com.tr\/"},{"@type":"ListItem","position":2,"name":"KURUMSAL","item":"http:\/\/infoglobaldys.com.tr\/index.php\/kurumsal\/"},{"@type":"ListItem","position":3,"name":"Hakk\u0131m\u0131zda"}]},{"@type":"WebSite","@id":"http:\/\/infoglobaldys.com.tr\/#website","url":"http:\/\/infoglobaldys.com.tr\/","name":"INFO GLOBAL DYS","description":"","publisher":{"@id":"http:\/\/infoglobaldys.com.tr\/#organization"},"potentialAction":[{"@type":"SearchAction","target":{"@type":"EntryPoint","urlTemplate":"http:\/\/infoglobaldys.com.tr\/?s={search_term_string}"},"query-input":"required name=search_term_string"}],"inLanguage":"tr"},{"@type":"Organization","@id":"http:\/\/infoglobaldys.com.tr\/#organization","name":"INFO GLOBAL DYS","url":"http:\/\/infoglobaldys.com.tr\/","logo":{"@type":"ImageObject","inLanguage":"tr","@id":"http:\/\/infoglobaldys.com.tr\/#\/schema\/logo\/image\/","url":"http:\/\/infoglobaldys.com.tr\/wp-content\/uploads\/2020\/05\/Ads\u0131z-1.png","contentUrl":"http:\/\/infoglobaldys.com.tr\/wp-content\/uploads\/2020\/05\/Ads\u0131z-1.png","width":1667,"height":1179,"caption":"INFO GLOBAL DYS"},"image":{"@id":"http:\/\/infoglobaldys.com.tr\/#\/schema\/logo\/image\/"}}]}},"_links":{"self":[{"href":"http:\/\/infoglobaldys.com.tr\/index.php\/wp-json\/wp\/v2\/pages\/2"}],"collection":[{"href":"http:\/\/infoglobaldys.com.tr\/index.php\/wp-json\/wp\/v2\/pages"}],"about":[{"href":"http:\/\/infoglobaldys.com.tr\/index.php\/wp-json\/wp\/v2\/types\/page"}],"author":[{"embeddable":true,"href":"http:\/\/infoglobaldys.com.tr\/index.php\/wp-json\/wp\/v2\/users\/1"}],"replies":[{"embeddable":true,"href":"http:\/\/infoglobaldys.com.tr\/index.php\/wp-json\/wp\/v2\/comments?post=2"}],"version-history":[{"count":7,"href":"http:\/\/infoglobaldys.com.tr\/index.php\/wp-json\/wp\/v2\/pages\/2\/revisions"}],"predecessor-version":[{"id":297,"href":"http:\/\/infoglobaldys.com.tr\/index.php\/wp-json\/wp\/v2\/pages\/2\/revisions\/297"}],"up":[{"embeddable":true,"href":"http:\/\/infoglobaldys.com.tr\/index.php\/wp-json\/wp\/v2\/pages\/259"}],"wp:attachment":[{"href":"http:\/\/infoglobaldys.com.tr\/index.php\/wp-json\/wp\/v2\/media?parent=2"}],"curies":[{"name":"wp","href":"https:\/\/api.w.org\/{rel}","templated":true}]}}